{"id":7734,"date":"2020-04-27T11:45:35","date_gmt":"2020-04-27T08:45:35","guid":{"rendered":"https:\/\/yacht-challenge.com\/?page_id=7734"},"modified":"2022-10-11T17:57:19","modified_gmt":"2022-10-11T14:57:19","slug":"minu-konto","status":"publish","type":"page","link":"https:\/\/old.yacht-challenge.com\/et\/minu-konto\/","title":{"rendered":"Minu konto"},"content":{"rendered":"\n<div class=\"wp-block-group\"><div class=\"wp-block-group__inner-container is-layout-flow wp-block-group-is-layout-flow\">\n<div class=\"wp-block-group\"><div class=\"wp-block-group__inner-container is-layout-flow wp-block-group-is-layout-flow\">\n\n\n<div class=\"llms-person-login-form-wrapper\">\n\n\t<form action=\"\" class=\"llms-login\" method=\"POST\">\n\n\t\t<h4 class=\"llms-form-heading\">Login<\/h4>\n\n\t\t<div class=\"llms-form-fields\">\n\n\t\t\t\n\t\t\t\t\t\t\t<div class=\"llms-form-field type-text llms-cols-6 llms-is-required\"><label for=\"llms_login\">Username or Email Address<span class=\"llms-required\">*<\/span><\/label><input class=\"llms-field-input\" id=\"llms_login\" name=\"llms_login\" required=\"required\" type=\"text\" \/><\/div>\t\t\t\t\t\t\t<div class=\"llms-form-field type-password llms-cols-6 llms-cols-last llms-is-required\"><label for=\"llms_password\">Password<span class=\"llms-required\">*<\/span><\/label><input class=\"llms-field-input\" id=\"llms_password\" name=\"llms_password\" required=\"required\" type=\"password\" \/><\/div><div class=\"clear\"><\/div>\t\t\t\t\t\t\t<div class=\"llms-form-field type-submit llms-cols-3\"><button class=\"llms-field-button llms-button-action\" id=\"llms_login_button\" name=\"llms_login_button\" type=\"submit\" value=\"Login\">Login<\/button><\/div>\t\t\t\t\t\t\t<div class=\"llms-form-field type-checkbox llms-cols-6\"><input class=\"llms-field-checkbox\" id=\"llms_remember\" name=\"llms_remember\" type=\"checkbox\" \/><label for=\"llms_remember\">Remember me<\/label><\/div>\t\t\t\t\t\t\t<div class=\"llms-form-field type-html llms-cols-3 llms-cols-last align-right\"><div class=\"llms-field-html\" id=\"llms_lost_password\"><\/div><span class=\"llms-description\"><a href=\"https:\/\/old.yacht-challenge.com\/my-account\/reset-pass\/\">Lost your password?<\/a><\/span><\/div><div class=\"clear\"><\/div>\t\t\t\n\t\t\t<input type=\"hidden\" id=\"_llms_login_user_nonce\" name=\"_llms_login_user_nonce\" value=\"23d5db7495\" \/><input type=\"hidden\" name=\"_wp_http_referer\" value=\"\/et\/wp-json\/wp\/v2\/pages\/7734\" \/>\t\t\t<input type=\"hidden\" name=\"redirect\" value=\"https:\/\/old.yacht-challenge.com\/et\/minu-konto\/\" \/>\n\t\t\t<input type=\"hidden\" name=\"action\" value=\"llms_login_user\" \/>\n\n\t\t\t\n\t\t<\/div>\n\n\t<\/form>\n\n<\/div>\n\n\n<\/div><\/div>\n\n\n\n<p>Forgot your password? Click <a href=\"\/wp-login.php?action=lostpassword\">here<\/a> to reset.<\/p>\n\n\n<div class=\"wp-block-ub-content-toggle\" id=\"ub-content-toggle-b9c5e16b-a037-4334-abeb-9ad06eb55270\" data-mobilecollapse=\"false\" data-desktopcollapse=\"true\">\n<div class=\"wp-block-ub-content-toggle-accordion\" id=\"ub-content-toggle-panel-block-\">\n                <div class=\"wp-block-ub-content-toggle-accordion-title-wrap\"\" aria-controls=\"ub-content-toggle-panel-0-b9c5e16b-a037-4334-abeb-9ad06eb55270\" tabindex=\"0\">\n                    <p class=\"wp-block-ub-content-toggle-accordion-title ub-content-toggle-title-b9c5e16b-a037-4334-abeb-9ad06eb55270\">Don&#8217;t have an account? Click here to create one<\/p><div class=\"wp-block-ub-content-toggle-accordion-toggle-wrap left\"><span class=\"wp-block-ub-content-toggle-accordion-state-indicator wp-block-ub-chevron-down\"><\/span>\n                    <\/div><\/div><div role=\"region\" aria-expanded=\"false\" class=\"wp-block-ub-content-toggle-accordion-content-wrap ub-hide\" id=\"ub-content-toggle-panel-0-b9c5e16b-a037-4334-abeb-9ad06eb55270\">\n\n\n\n<div class=\"llms-new-person-form-wrapper\">\n\n\t\t\t<h4 class=\"llms-form-heading\">Register<\/h4>\n\t\n\t<form method=\"post\" class=\"llms-new-person-form register\">\n\n\t\t\n\n\t\t<div class=\"llms-form-fields\">\n\n\t\t\t\n\t\t\t<div class=\"llms-form-field type-text llms-cols-12 llms-cols-last llms-is-required\"><label for=\"user_login\">Username<span class=\"llms-required\">*<\/span><\/label><input class=\"llms-field-input\" id=\"user_login\" name=\"user_login\" required=\"required\" type=\"text\" \/><\/div><div class=\"clear\"><\/div>\n\n<div class=\"llms-form-field type-email llms-cols-12 llms-cols-last llms-is-required\"><label for=\"email_address\">Email Address<span class=\"llms-required\">*<\/span><\/label><input class=\"llms-field-input\" id=\"email_address\" name=\"email_address\" required=\"required\" type=\"email\" \/><\/div><div class=\"clear\"><\/div>\n\n<div class=\"llms-form-field type-password llms-cols-6 llms-is-required\"><label for=\"password\">Password<span class=\"llms-required\">*<\/span><\/label><input class=\"llms-field-input\" data-match=\"password_confirm\" id=\"password\" minlength=\"8\" name=\"password\" required=\"required\" type=\"password\" \/><\/div>\n<div class=\"llms-form-field type-password llms-cols-6 llms-cols-last llms-is-required\"><label for=\"password_confirm\">Confirm Password<span class=\"llms-required\">*<\/span><\/label><input class=\"llms-field-input\" data-match=\"password\" id=\"password_confirm\" minlength=\"8\" name=\"password_confirm\" required=\"required\" type=\"password\" \/><\/div><div class=\"clear\"><\/div>\r<div class=\"llms-form-field type-html llms-cols-12 llms-cols-last\"><div aria-live=\"polite\" class=\"llms-field-html llms-password-strength-meter\" id=\"llms-password-strength-meter\"><\/div><span class=\"llms-description\">A medium password is required with at least 8 characters. To make it stronger, use both upper and lower case letters, numbers, and symbols.<\/span><\/div><div class=\"clear\"><\/div>\r\n\n<div class=\"llms-form-field type-text llms-cols-6 llms-is-required\"><label for=\"first_name\">First Name<span class=\"llms-required\">*<\/span><\/label><input class=\"llms-field-input\" id=\"first_name\" name=\"first_name\" required=\"required\" type=\"text\" \/><\/div>\n<div class=\"llms-form-field type-text llms-cols-6 llms-cols-last llms-is-required\"><label for=\"last_name\">Last Name<span class=\"llms-required\">*<\/span><\/label><input class=\"llms-field-input\" id=\"last_name\" name=\"last_name\" required=\"required\" type=\"text\" \/><\/div><div class=\"clear\"><\/div>\n\n<div class=\"llms-form-field type-tel llms-cols-12 llms-cols-last\"><label for=\"llms_phone\">Phone Number<\/label><input class=\"llms-field-input\" id=\"llms_phone\" name=\"llms_phone\" type=\"tel\" \/><\/div><div class=\"clear\"><\/div>\n\t\t\t<div class=\"llms-form-field type-html llms-cols-12 llms-cols-last\"><div class=\"llms-field-html\" id=\"llms-privacy-policy\"><label>Your personal data will be used to process your enrollment, support your experience on this website, and for other purposes described in our <a href=\"https:\/\/old.yacht-challenge.com\/privacy-policy\/\" target=\"_blank\">Privacy Policy<\/a>.<\/label><\/div><\/div><div class=\"clear\"><\/div><div class=\"llms-form-field type-checkbox llms-cols-12 llms-cols-last llms-is-required llms-agree-to-terms-wrapper\"><input class=\"llms-field-checkbox\" id=\"llms_agree_to_terms\" name=\"llms_agree_to_terms\" required=\"required\" type=\"checkbox\" value=\"yes\" \/><label for=\"llms_agree_to_terms\">I have read and agree to the <a href=\"https:\/\/old.yacht-challenge.com\/terms-and-conditions\/\" target=\"_blank\">Terms and Conditions<\/a>.<span class=\"llms-required\">*<\/span><\/label><\/div><div class=\"clear\"><\/div>\n\t\t\t\n\t\t<\/div>\n\n\t\t<footer class=\"llms-form-fields\">\n\n\t\t\t\n\t\t\t<div class=\"llms-form-field type-submit llms-cols-3 llms-cols-last\"><button class=\"llms-field-button llms-button-action\" id=\"llms_register_person\" name=\"llms_register_person\" type=\"submit\" value=\"Register\">Register<\/button><\/div><div class=\"clear\"><\/div>\n\t\t\t\t\t\t<input type=\"hidden\" id=\"_llms_register_person_nonce\" name=\"_llms_register_person_nonce\" value=\"eac5ccc620\" \/><input type=\"hidden\" name=\"_wp_http_referer\" value=\"\/et\/wp-json\/wp\/v2\/pages\/7734\" \/>\t\t\t<input name=\"action\" type=\"hidden\" value=\"llms_register_person\">\n\n\t\t<\/footer>\n\n\t\t\n\t<\/form>\n\n<\/div>\n\n\n\n\n\n<p><\/p>\n\n<\/div><\/div>\n<\/div><\/div><\/div>\n","protected":false},"excerpt":{"rendered":"<p>Forgot your password? Click here to reset. Minu koolitused Paistab, et sa ei ole registreeritud \u00fchelegi koolitusele. Vaata ja vali omale sobiv teema Koolituste lehel. Kui sulle tundub, et see koht on siin t\u00fchi ekslikult, siis v\u00f5ta julgelt meiega \u00fchendust ja kindlasti lahendame olukorra.<\/p>\n","protected":false},"author":4,"featured_media":0,"parent":0,"menu_order":0,"comment_status":"closed","ping_status":"closed","template":"","meta":{"ub_ctt_via":"","ocean_post_layout":"left-sidebar","ocean_both_sidebars_style":"","ocean_both_sidebars_content_width":0,"ocean_both_sidebars_sidebars_width":0,"ocean_sidebar":"0","ocean_second_sidebar":"0","ocean_disable_margins":"enable","ocean_add_body_class":"","ocean_shortcode_before_top_bar":"","ocean_shortcode_after_top_bar":"","ocean_shortcode_before_header":"","ocean_shortcode_after_header":"","ocean_has_shortcode":"","ocean_shortcode_after_title":"","ocean_shortcode_before_footer_widgets":"","ocean_shortcode_after_footer_widgets":"","ocean_shortcode_before_footer_bottom":"","ocean_shortcode_after_footer_bottom":"","ocean_display_top_bar":"default","ocean_display_header":"default","ocean_header_style":"","ocean_center_header_left_menu":"0","ocean_custom_header_template":"0","ocean_custom_logo":0,"ocean_custom_retina_logo":0,"ocean_custom_logo_max_width":0,"ocean_custom_logo_tablet_max_width":0,"ocean_custom_logo_mobile_max_width":0,"ocean_custom_logo_max_height":0,"ocean_custom_logo_tablet_max_height":0,"ocean_custom_logo_mobile_max_height":0,"ocean_header_custom_menu":"0","ocean_menu_typo_font_family":"0","ocean_menu_typo_font_subset":"","ocean_menu_typo_font_size":0,"ocean_menu_typo_font_size_tablet":0,"ocean_menu_typo_font_size_mobile":0,"ocean_menu_typo_font_size_unit":"px","ocean_menu_typo_font_weight":"","ocean_menu_typo_font_weight_tablet":"","ocean_menu_typo_font_weight_mobile":"","ocean_menu_typo_transform":"","ocean_menu_typo_transform_tablet":"","ocean_menu_typo_transform_mobile":"","ocean_menu_typo_line_height":0,"ocean_menu_typo_line_height_tablet":0,"ocean_menu_typo_line_height_mobile":0,"ocean_menu_typo_line_height_unit":"","ocean_menu_typo_spacing":0,"ocean_menu_typo_spacing_tablet":0,"ocean_menu_typo_spacing_mobile":0,"ocean_menu_typo_spacing_unit":"","ocean_menu_link_color":"","ocean_menu_link_color_hover":"","ocean_menu_link_color_active":"","ocean_menu_link_background":"","ocean_menu_link_hover_background":"","ocean_menu_link_active_background":"","ocean_menu_social_links_bg":"","ocean_menu_social_hover_links_bg":"","ocean_menu_social_links_color":"","ocean_menu_social_hover_links_color":"","ocean_disable_title":"default","ocean_disable_heading":"default","ocean_post_title":"","ocean_post_subheading":"","ocean_post_title_style":"","ocean_post_title_background_color":"","ocean_post_title_background":0,"ocean_post_title_bg_image_position":"","ocean_post_title_bg_image_attachment":"","ocean_post_title_bg_image_repeat":"","ocean_post_title_bg_image_size":"","ocean_post_title_height":0,"ocean_post_title_bg_overlay":0.5,"ocean_post_title_bg_overlay_color":"","ocean_disable_breadcrumbs":"default","ocean_breadcrumbs_color":"","ocean_breadcrumbs_separator_color":"","ocean_breadcrumbs_links_color":"","ocean_breadcrumbs_links_hover_color":"","ocean_display_footer_widgets":"default","ocean_display_footer_bottom":"default","ocean_custom_footer_template":"0","footnotes":""},"class_list":["post-7734","page","type-page","status-publish","hentry","entry"],"featured_image_src":null,"yoast_head":"<!-- This site is optimized with the Yoast SEO plugin v24.2 - https:\/\/yoast.com\/wordpress\/plugins\/seo\/ -->\n<title>Minu konto - International Yacht School. Yachting in Estonia.<\/title>\n<meta name=\"robots\" content=\"index, follow, max-snippet:-1, max-image-preview:large, max-video-preview:-1\" \/>\n<link rel=\"canonical\" href=\"https:\/\/old.yacht-challenge.com\/et\/minu-konto\/\" \/>\n<meta property=\"og:locale\" content=\"et_EE\" \/>\n<meta property=\"og:type\" content=\"article\" \/>\n<meta property=\"og:title\" content=\"Minu konto - International Yacht School. Yachting in Estonia.\" \/>\n<meta property=\"og:description\" content=\"Forgot your password? Click here to reset. Minu koolitused Paistab, et sa ei ole registreeritud \u00fchelegi koolitusele. Vaata ja vali omale sobiv teema Koolituste lehel. Kui sulle tundub, et see koht on siin t\u00fchi ekslikult, siis v\u00f5ta julgelt meiega \u00fchendust ja kindlasti lahendame olukorra.\" \/>\n<meta property=\"og:url\" content=\"https:\/\/old.yacht-challenge.com\/et\/minu-konto\/\" \/>\n<meta property=\"og:site_name\" content=\"International Yacht School. Yachting in Estonia.\" \/>\n<meta property=\"article:modified_time\" content=\"2022-10-11T14:57:19+00:00\" \/>\n<meta name=\"twitter:card\" content=\"summary_large_image\" \/>\n<script type=\"application\/ld+json\" class=\"yoast-schema-graph\">{\"@context\":\"https:\/\/schema.org\",\"@graph\":[{\"@type\":\"WebPage\",\"@id\":\"https:\/\/old.yacht-challenge.com\/et\/minu-konto\/\",\"url\":\"https:\/\/old.yacht-challenge.com\/et\/minu-konto\/\",\"name\":\"Minu konto - International Yacht School. Yachting in Estonia.\",\"isPartOf\":{\"@id\":\"https:\/\/old.yacht-challenge.com\/et\/#website\"},\"datePublished\":\"2020-04-27T08:45:35+00:00\",\"dateModified\":\"2022-10-11T14:57:19+00:00\",\"breadcrumb\":{\"@id\":\"https:\/\/old.yacht-challenge.com\/et\/minu-konto\/#breadcrumb\"},\"inLanguage\":\"et\",\"potentialAction\":[{\"@type\":\"ReadAction\",\"target\":[\"https:\/\/old.yacht-challenge.com\/et\/minu-konto\/\"]}]},{\"@type\":\"BreadcrumbList\",\"@id\":\"https:\/\/old.yacht-challenge.com\/et\/minu-konto\/#breadcrumb\",\"itemListElement\":[{\"@type\":\"ListItem\",\"position\":1,\"name\":\"Home\",\"item\":\"https:\/\/old.yacht-challenge.com\/et\/\"},{\"@type\":\"ListItem\",\"position\":2,\"name\":\"Minu konto\"}]},{\"@type\":\"WebSite\",\"@id\":\"https:\/\/old.yacht-challenge.com\/et\/#website\",\"url\":\"https:\/\/old.yacht-challenge.com\/et\/\",\"name\":\"International Yacht School. Yachting in Estonia.\",\"description\":\"Great yachting all over the world. IYT certification. P\u00e4rnu Events. over 20 years of experience.\",\"publisher\":{\"@id\":\"https:\/\/old.yacht-challenge.com\/et\/#organization\"},\"potentialAction\":[{\"@type\":\"SearchAction\",\"target\":{\"@type\":\"EntryPoint\",\"urlTemplate\":\"https:\/\/old.yacht-challenge.com\/et\/?s={search_term_string}\"},\"query-input\":{\"@type\":\"PropertyValueSpecification\",\"valueRequired\":true,\"valueName\":\"search_term_string\"}}],\"inLanguage\":\"et\"},{\"@type\":\"Organization\",\"@id\":\"https:\/\/old.yacht-challenge.com\/et\/#organization\",\"name\":\"Yacht-challenge\",\"alternateName\":\"Yacht challenge O\u00dc\",\"url\":\"https:\/\/old.yacht-challenge.com\/et\/\",\"logo\":{\"@type\":\"ImageObject\",\"inLanguage\":\"et\",\"@id\":\"https:\/\/old.yacht-challenge.com\/et\/#\/schema\/logo\/image\/\",\"url\":\"https:\/\/old.yacht-challenge.com\/wp-content\/uploads\/2020\/02\/yacht-logo-iyt-icc-site.png\",\"contentUrl\":\"https:\/\/old.yacht-challenge.com\/wp-content\/uploads\/2020\/02\/yacht-logo-iyt-icc-site.png\",\"width\":350,\"height\":238,\"caption\":\"Yacht-challenge\"},\"image\":{\"@id\":\"https:\/\/old.yacht-challenge.com\/et\/#\/schema\/logo\/image\/\"}}]}<\/script>\n<!-- \/ Yoast SEO plugin. -->","yoast_head_json":{"title":"Minu konto - International Yacht School. Yachting in Estonia.","robots":{"index":"index","follow":"follow","max-snippet":"max-snippet:-1","max-image-preview":"max-image-preview:large","max-video-preview":"max-video-preview:-1"},"canonical":"https:\/\/old.yacht-challenge.com\/et\/minu-konto\/","og_locale":"et_EE","og_type":"article","og_title":"Minu konto - International Yacht School. Yachting in Estonia.","og_description":"Forgot your password? Click here to reset. Minu koolitused Paistab, et sa ei ole registreeritud \u00fchelegi koolitusele. Vaata ja vali omale sobiv teema Koolituste lehel. Kui sulle tundub, et see koht on siin t\u00fchi ekslikult, siis v\u00f5ta julgelt meiega \u00fchendust ja kindlasti lahendame olukorra.","og_url":"https:\/\/old.yacht-challenge.com\/et\/minu-konto\/","og_site_name":"International Yacht School. Yachting in Estonia.","article_modified_time":"2022-10-11T14:57:19+00:00","twitter_card":"summary_large_image","schema":{"@context":"https:\/\/schema.org","@graph":[{"@type":"WebPage","@id":"https:\/\/old.yacht-challenge.com\/et\/minu-konto\/","url":"https:\/\/old.yacht-challenge.com\/et\/minu-konto\/","name":"Minu konto - International Yacht School. Yachting in Estonia.","isPartOf":{"@id":"https:\/\/old.yacht-challenge.com\/et\/#website"},"datePublished":"2020-04-27T08:45:35+00:00","dateModified":"2022-10-11T14:57:19+00:00","breadcrumb":{"@id":"https:\/\/old.yacht-challenge.com\/et\/minu-konto\/#breadcrumb"},"inLanguage":"et","potentialAction":[{"@type":"ReadAction","target":["https:\/\/old.yacht-challenge.com\/et\/minu-konto\/"]}]},{"@type":"BreadcrumbList","@id":"https:\/\/old.yacht-challenge.com\/et\/minu-konto\/#breadcrumb","itemListElement":[{"@type":"ListItem","position":1,"name":"Home","item":"https:\/\/old.yacht-challenge.com\/et\/"},{"@type":"ListItem","position":2,"name":"Minu konto"}]},{"@type":"WebSite","@id":"https:\/\/old.yacht-challenge.com\/et\/#website","url":"https:\/\/old.yacht-challenge.com\/et\/","name":"International Yacht School. Yachting in Estonia.","description":"Great yachting all over the world. IYT certification. P\u00e4rnu Events. over 20 years of experience.","publisher":{"@id":"https:\/\/old.yacht-challenge.com\/et\/#organization"},"potentialAction":[{"@type":"SearchAction","target":{"@type":"EntryPoint","urlTemplate":"https:\/\/old.yacht-challenge.com\/et\/?s={search_term_string}"},"query-input":{"@type":"PropertyValueSpecification","valueRequired":true,"valueName":"search_term_string"}}],"inLanguage":"et"},{"@type":"Organization","@id":"https:\/\/old.yacht-challenge.com\/et\/#organization","name":"Yacht-challenge","alternateName":"Yacht challenge O\u00dc","url":"https:\/\/old.yacht-challenge.com\/et\/","logo":{"@type":"ImageObject","inLanguage":"et","@id":"https:\/\/old.yacht-challenge.com\/et\/#\/schema\/logo\/image\/","url":"https:\/\/old.yacht-challenge.com\/wp-content\/uploads\/2020\/02\/yacht-logo-iyt-icc-site.png","contentUrl":"https:\/\/old.yacht-challenge.com\/wp-content\/uploads\/2020\/02\/yacht-logo-iyt-icc-site.png","width":350,"height":238,"caption":"Yacht-challenge"},"image":{"@id":"https:\/\/old.yacht-challenge.com\/et\/#\/schema\/logo\/image\/"}}]}},"_links":{"self":[{"href":"https:\/\/old.yacht-challenge.com\/et\/wp-json\/wp\/v2\/pages\/7734","targetHints":{"allow":["GET"]}}],"collection":[{"href":"https:\/\/old.yacht-challenge.com\/et\/wp-json\/wp\/v2\/pages"}],"about":[{"href":"https:\/\/old.yacht-challenge.com\/et\/wp-json\/wp\/v2\/types\/page"}],"author":[{"embeddable":true,"href":"https:\/\/old.yacht-challenge.com\/et\/wp-json\/wp\/v2\/users\/4"}],"replies":[{"embeddable":true,"href":"https:\/\/old.yacht-challenge.com\/et\/wp-json\/wp\/v2\/comments?post=7734"}],"version-history":[{"count":6,"href":"https:\/\/old.yacht-challenge.com\/et\/wp-json\/wp\/v2\/pages\/7734\/revisions"}],"predecessor-version":[{"id":28179,"href":"https:\/\/old.yacht-challenge.com\/et\/wp-json\/wp\/v2\/pages\/7734\/revisions\/28179"}],"wp:attachment":[{"href":"https:\/\/old.yacht-challenge.com\/et\/wp-json\/wp\/v2\/media?parent=7734"}],"curies":[{"name":"wp","href":"https:\/\/api.w.org\/{rel}","templated":true}]}}