{"id":30540,"date":"2023-02-09T17:12:00","date_gmt":"2023-02-09T15:12:00","guid":{"rendered":"https:\/\/yacht-challenge.com\/rahvusvaheline-riiklik-vaikelaeva-juhi-tunnistus\/"},"modified":"2024-12-25T17:33:06","modified_gmt":"2024-12-25T15:33:06","slug":"vaikelaevajuhi-koolitus","status":"publish","type":"page","link":"https:\/\/old.yacht-challenge.com\/et\/vaikelaevajuhi-koolitus\/","title":{"rendered":"Rahvusvaheline riiklik v\u00e4ikelaeva juhi tunnistus"},"content":{"rendered":"\t\t<div data-elementor-type=\"wp-page\" data-elementor-id=\"30540\" class=\"elementor elementor-30540 elementor-6843\" data-elementor-post-type=\"page\">\n\t\t\t\t\t\t<section class=\"elementor-section elementor-top-section elementor-element elementor-element-2ffe4ad8 elementor-section-stretched elementor-section-full_width elementor-section-content-middle elementor-section-height-min-height elementor-section-height-default elementor-section-items-middle\" data-id=\"2ffe4ad8\" data-element_type=\"section\" data-settings=\"{&quot;background_background&quot;:&quot;classic&quot;,&quot;stretch_section&quot;:&quot;section-stretched&quot;}\">\n\t\t\t\t\t\t<div class=\"elementor-container elementor-column-gap-default\">\n\t\t\t\t\t<div class=\"elementor-column elementor-col-100 elementor-top-column elementor-element elementor-element-57831861\" data-id=\"57831861\" data-element_type=\"column\" data-settings=\"{&quot;background_background&quot;:&quot;classic&quot;}\">\n\t\t\t<div class=\"elementor-widget-wrap elementor-element-populated\">\n\t\t\t\t\t\t<div class=\"elementor-element elementor-element-451f06fd elementor-widget elementor-widget-text-editor\" data-id=\"451f06fd\" data-element_type=\"widget\" data-widget_type=\"text-editor.default\">\n\t\t\t\t<div class=\"elementor-widget-container\">\n\t\t\t\t\t\t\t\t\t<p>\u00a9 Photography Copyright Yacht-Challenge<\/p>\n\t\t\t\t\t\t\t\t<\/div>\n\t\t\t\t<\/div>\n\t\t\t\t\t<\/div>\n\t\t<\/div>\n\t\t\t\t\t<\/div>\n\t\t<\/section>\n\t\t\t\t<section class=\"elementor-section elementor-top-section elementor-element elementor-element-1f3f726 elementor-section-boxed elementor-section-height-default elementor-section-height-default\" data-id=\"1f3f726\" data-element_type=\"section\">\n\t\t\t\t\t\t<div class=\"elementor-container elementor-column-gap-default\">\n\t\t\t\t\t<div class=\"elementor-column elementor-col-100 elementor-top-column elementor-element elementor-element-185d15d\" data-id=\"185d15d\" data-element_type=\"column\">\n\t\t\t<div class=\"elementor-widget-wrap elementor-element-populated\">\n\t\t\t\t\t\t<div class=\"elementor-element elementor-element-017980c elementor-widget elementor-widget-heading\" data-id=\"017980c\" data-element_type=\"widget\" data-widget_type=\"heading.default\">\n\t\t\t\t<div class=\"elementor-widget-container\">\n\t\t\t\t\t<h1 class=\"elementor-heading-title elementor-size-default\">V\u00c4IKELAEVA JUHI KURSUS. RAHVUSVAHELINE RIIKLIK SERTIFIKAAT: SAIL+MOTOR<\/h1>\t\t\t\t<\/div>\n\t\t\t\t<\/div>\n\t\t\t\t\t<\/div>\n\t\t<\/div>\n\t\t\t\t\t<\/div>\n\t\t<\/section>\n\t\t\t\t<section class=\"elementor-section elementor-top-section elementor-element elementor-element-791bf8f elementor-section-boxed elementor-section-height-default elementor-section-height-default\" data-id=\"791bf8f\" data-element_type=\"section\">\n\t\t\t\t\t\t<div class=\"elementor-container elementor-column-gap-default\">\n\t\t\t\t\t<div class=\"elementor-column elementor-col-100 elementor-top-column elementor-element elementor-element-4acfee6\" data-id=\"4acfee6\" data-element_type=\"column\">\n\t\t\t<div class=\"elementor-widget-wrap elementor-element-populated\">\n\t\t\t\t\t\t<div class=\"elementor-element elementor-element-68380a9 elementor-widget elementor-widget-heading\" data-id=\"68380a9\" data-element_type=\"widget\" data-widget_type=\"heading.default\">\n\t\t\t\t<div class=\"elementor-widget-container\">\n\t\t\t\t\t<h1 class=\"elementor-heading-title elementor-size-default\">Rahvusvahelise riikliku v\u00e4ikelaevajuhi tunnistuse annab v\u00e4lja Teedeministeeriumi Eesti B\u00fcroo.<\/h1>\t\t\t\t<\/div>\n\t\t\t\t<\/div>\n\t\t\t\t\t<\/div>\n\t\t<\/div>\n\t\t\t\t\t<\/div>\n\t\t<\/section>\n\t\t\t\t<section class=\"elementor-section elementor-top-section elementor-element elementor-element-09a4052 elementor-section-boxed elementor-section-height-default elementor-section-height-default\" data-id=\"09a4052\" data-element_type=\"section\">\n\t\t\t\t\t\t<div class=\"elementor-container elementor-column-gap-default\">\n\t\t\t\t\t<div class=\"elementor-column elementor-col-100 elementor-top-column elementor-element elementor-element-36f9e43\" data-id=\"36f9e43\" data-element_type=\"column\">\n\t\t\t<div class=\"elementor-widget-wrap elementor-element-populated\">\n\t\t\t\t\t\t<div class=\"elementor-element elementor-element-bfa9650 elementor-widget elementor-widget-heading\" data-id=\"bfa9650\" data-element_type=\"widget\" data-widget_type=\"heading.default\">\n\t\t\t\t<div class=\"elementor-widget-container\">\n\t\t\t\t\t<h1 class=\"elementor-heading-title elementor-size-default\">Sertifikaat annab Teile \u00f5iguse:  Purjetamiseks ja mootorpaadiga s\u00f5itmiseks kuni 78 jalga \/ 24 meetrit Ilma navigeerimispiirkonna ja kellaaja piiranguteta<\/h1>\t\t\t\t<\/div>\n\t\t\t\t<\/div>\n\t\t\t\t\t<\/div>\n\t\t<\/div>\n\t\t\t\t\t<\/div>\n\t\t<\/section>\n\t\t\t\t<section class=\"elementor-section elementor-top-section elementor-element elementor-element-2aab67c elementor-section-full_width elementor-section-stretched elementor-section-height-default elementor-section-height-default\" data-id=\"2aab67c\" data-element_type=\"section\" data-settings=\"{&quot;stretch_section&quot;:&quot;section-stretched&quot;}\">\n\t\t\t\t\t\t<div class=\"elementor-container elementor-column-gap-default\">\n\t\t\t\t\t<div class=\"elementor-column elementor-col-33 elementor-top-column elementor-element elementor-element-ccb0543\" data-id=\"ccb0543\" data-element_type=\"column\" data-settings=\"{&quot;background_background&quot;:&quot;classic&quot;}\">\n\t\t\t<div class=\"elementor-widget-wrap elementor-element-populated\">\n\t\t\t\t\t\t<div class=\"elementor-element elementor-element-1fa8c9f elementor-widget elementor-widget-text-editor\" data-id=\"1fa8c9f\" data-element_type=\"widget\" data-widget_type=\"text-editor.default\">\n\t\t\t\t<div class=\"elementor-widget-container\">\n\t\t\t\t\t\t\t\t\t<p class=\"elementor-heading-title elementor-size-medium\"><strong>Teooria + Praktika: 10 p\u00e4eva<\/strong><\/p>\n<p><span style=\"color: #0000ff;\"><strong>Hind + 840 euro<\/strong><\/span><\/p>\n<p><strong><span style=\"color: #ff6600;\">Sisaldab<\/span>:<\/strong><\/p>\n<p>-kogu teooria koos navigatsiooni ja kaardit\u00f6\u00f6dega,<\/p>\n<p>-sildumise ja purjetamise praktika,<\/p>\n<p>-kursus raadiooperaator vhf<\/p>\n<p>Eksamitasu \u2013 100 eurot<\/p>\n<p>&nbsp;<\/p>\n<p><span style=\"color: #ff6600;\"><strong>ALGUSKUUP\u00c4EVAD:<\/strong><\/span><\/p>\n<p>MAI \u2013 15-25<br \/>\nJUUNI \u2013 05., 16<br \/>\nJUULI \u2013 01., 11<br \/>\nAUGUST \u2013 01., 10., 20<br \/>\nSEPTEMBER \u2013 16<br \/>\nOKTOOBER \u2013 01<\/p>\n<p>&nbsp;<\/p>\n\t\t\t\t\t\t\t\t<\/div>\n\t\t\t\t<\/div>\n\t\t\t\t<div class=\"elementor-element elementor-element-7f38262 elementor-widget elementor-widget-text-editor\" data-id=\"7f38262\" data-element_type=\"widget\" data-widget_type=\"text-editor.default\">\n\t\t\t\t<div class=\"elementor-widget-container\">\n\t\t\t\t\t\t\t\t\t<p><strong>Kursuse asukoht:<\/strong> P\u00e4rnu jahtklubi Lootsi 6, P\u00e4rnu 80012 kai C koht 14 jaht Armastus (Oceanis 393)<\/p>\n\t\t\t\t\t\t\t\t<\/div>\n\t\t\t\t<\/div>\n\t\t\t\t\t<\/div>\n\t\t<\/div>\n\t\t\t\t<div class=\"elementor-column elementor-col-33 elementor-top-column elementor-element elementor-element-f215d43\" data-id=\"f215d43\" data-element_type=\"column\" data-settings=\"{&quot;background_background&quot;:&quot;classic&quot;}\">\n\t\t\t<div class=\"elementor-widget-wrap elementor-element-populated\">\n\t\t\t\t\t\t<div class=\"elementor-element elementor-element-fe2d80b elementor-widget elementor-widget-text-editor\" data-id=\"fe2d80b\" data-element_type=\"widget\" data-widget_type=\"text-editor.default\">\n\t\t\t\t<div class=\"elementor-widget-container\">\n\t\t\t\t\t\t\t\t\t<p><strong>Kursuse sisu:<\/strong><\/p>\n<p>Mereterminoloogia<br \/>\nOhutus<br \/>\nMees \u00fcle parda<br \/>\nJahi juhtimine mootori all<br \/>\nPurjed ja nendega t\u00f6\u00f6tamine<br \/>\nP\u00f5hiline meteoroloogia<br \/>\n\u00dcles\u00f5idud rasketes ilmastikutingimustes<br \/>\nT\u00f6\u00f6tage kaardi ja elektrooniliste navigeerimisvahenditega.<br \/>\nCOLREG-id (kokkup\u00f5rkem\u00e4\u00e4rused).<br \/>\nTuled ja m\u00e4rgid.<br \/>\nVHF-raadiooperaatori kursus<\/p>\n\t\t\t\t\t\t\t\t<\/div>\n\t\t\t\t<\/div>\n\t\t\t\t<div class=\"elementor-element elementor-element-8eb1130 elementor-widget elementor-widget-image\" data-id=\"8eb1130\" data-element_type=\"widget\" data-widget_type=\"image.default\">\n\t\t\t\t<div class=\"elementor-widget-container\">\n\t\t\t\t\t\t\t\t\t\t\t\t\t\t\t<img fetchpriority=\"high\" decoding=\"async\" width=\"560\" height=\"420\" src=\"https:\/\/old.yacht-challenge.com\/wp-content\/uploads\/2022\/10\/students-scaled-e1630340583941.jpg\" class=\"attachment-large size-large wp-image-28804\" alt=\"Jahikool Eestis\" \/>\t\t\t\t\t\t\t\t\t\t\t\t\t\t\t<\/div>\n\t\t\t\t<\/div>\n\t\t\t\t\t<\/div>\n\t\t<\/div>\n\t\t\t\t<div class=\"elementor-column elementor-col-33 elementor-top-column elementor-element elementor-element-3eee5bd\" data-id=\"3eee5bd\" data-element_type=\"column\" data-settings=\"{&quot;background_background&quot;:&quot;classic&quot;}\">\n\t\t\t<div class=\"elementor-widget-wrap elementor-element-populated\">\n\t\t\t\t\t\t<div class=\"elementor-element elementor-element-6cd6c2f elementor-widget elementor-widget-heading\" data-id=\"6cd6c2f\" data-element_type=\"widget\" data-widget_type=\"heading.default\">\n\t\t\t\t<div class=\"elementor-widget-container\">\n\t\t\t\t\t<h2 class=\"elementor-heading-title elementor-size-default\">Rahvusvaheline v\u00e4ikelaevajuhi tunnistus<\/h2>\t\t\t\t<\/div>\n\t\t\t\t<\/div>\n\t\t\t\t<div class=\"elementor-element elementor-element-8849f6b elementor-widget elementor-widget-image\" data-id=\"8849f6b\" data-element_type=\"widget\" data-widget_type=\"image.default\">\n\t\t\t\t<div class=\"elementor-widget-container\">\n\t\t\t\t\t\t\t\t\t\t\t\t\t\t\t<img decoding=\"async\" width=\"424\" height=\"268\" src=\"https:\/\/old.yacht-challenge.com\/wp-content\/uploads\/2020\/04\/certif-esti-im01A.jpg\" class=\"attachment-large size-large wp-image-6888\" alt=\"\" \/>\t\t\t\t\t\t\t\t\t\t\t\t\t\t\t<\/div>\n\t\t\t\t<\/div>\n\t\t\t\t<div class=\"elementor-element elementor-element-3e1e388 elementor-widget elementor-widget-image\" data-id=\"3e1e388\" data-element_type=\"widget\" data-widget_type=\"image.default\">\n\t\t\t\t<div class=\"elementor-widget-container\">\n\t\t\t\t\t\t\t\t\t\t\t\t\t\t\t<img decoding=\"async\" width=\"424\" height=\"268\" src=\"https:\/\/old.yacht-challenge.com\/wp-content\/uploads\/2020\/04\/certif-esti-im01B.jpg\" class=\"attachment-large size-large wp-image-6892\" alt=\"\" \/>\t\t\t\t\t\t\t\t\t\t\t\t\t\t\t<\/div>\n\t\t\t\t<\/div>\n\t\t\t\t<div class=\"elementor-element elementor-element-783cb07 elementor-widget elementor-widget-text-editor\" data-id=\"783cb07\" data-element_type=\"widget\" data-widget_type=\"text-editor.default\">\n\t\t\t\t<div class=\"elementor-widget-container\">\n\t\t\t\t\t\t\t\t\t<p>* Eksamit juhendab Veeteede Amet.<\/p>\n\t\t\t\t\t\t\t\t<\/div>\n\t\t\t\t<\/div>\n\t\t\t\t\t<\/div>\n\t\t<\/div>\n\t\t\t\t\t<\/div>\n\t\t<\/section>\n\t\t\t\t<\/div>\n\t\t","protected":false},"excerpt":{"rendered":"<p>\u00a9 Photography Copyright Yacht-Challenge V\u00c4IKELAEVA JUHI KURSUS. RAHVUSVAHELINE RIIKLIK SERTIFIKAAT: SAIL+MOTOR Rahvusvahelise riikliku v\u00e4ikelaevajuhi tunnistuse annab v\u00e4lja Teedeministeeriumi Eesti B\u00fcroo. Sertifikaat annab Teile \u00f5iguse: Purjetamiseks ja mootorpaadiga s\u00f5itmiseks kuni 78 jalga \/ 24 meetrit Ilma navigeerimispiirkonna ja kellaaja piiranguteta Teooria + Praktika: 10 p\u00e4eva Hind + 840 euro Sisaldab: -kogu teooria koos navigatsiooni ja kaardit\u00f6\u00f6dega, [&hellip;]<\/p>\n","protected":false},"author":1,"featured_media":0,"parent":0,"menu_order":0,"comment_status":"closed","ping_status":"closed","template":"","meta":{"ub_ctt_via":"","ocean_post_layout":"","ocean_both_sidebars_style":"","ocean_both_sidebars_content_width":0,"ocean_both_sidebars_sidebars_width":0,"ocean_sidebar":"0","ocean_second_sidebar":"0","ocean_disable_margins":"enable","ocean_add_body_class":"","ocean_shortcode_before_top_bar":"","ocean_shortcode_after_top_bar":"","ocean_shortcode_before_header":"","ocean_shortcode_after_header":"","ocean_has_shortcode":"","ocean_shortcode_after_title":"","ocean_shortcode_before_footer_widgets":"","ocean_shortcode_after_footer_widgets":"","ocean_shortcode_before_footer_bottom":"","ocean_shortcode_after_footer_bottom":"","ocean_display_top_bar":"default","ocean_display_header":"default","ocean_header_style":"","ocean_center_header_left_menu":"0","ocean_custom_header_template":"0","ocean_custom_logo":0,"ocean_custom_retina_logo":0,"ocean_custom_logo_max_width":0,"ocean_custom_logo_tablet_max_width":0,"ocean_custom_logo_mobile_max_width":0,"ocean_custom_logo_max_height":0,"ocean_custom_logo_tablet_max_height":0,"ocean_custom_logo_mobile_max_height":0,"ocean_header_custom_menu":"0","ocean_menu_typo_font_family":"0","ocean_menu_typo_font_subset":"","ocean_menu_typo_font_size":0,"ocean_menu_typo_font_size_tablet":0,"ocean_menu_typo_font_size_mobile":0,"ocean_menu_typo_font_size_unit":"px","ocean_menu_typo_font_weight":"","ocean_menu_typo_font_weight_tablet":"","ocean_menu_typo_font_weight_mobile":"","ocean_menu_typo_transform":"","ocean_menu_typo_transform_tablet":"","ocean_menu_typo_transform_mobile":"","ocean_menu_typo_line_height":0,"ocean_menu_typo_line_height_tablet":0,"ocean_menu_typo_line_height_mobile":0,"ocean_menu_typo_line_height_unit":"","ocean_menu_typo_spacing":0,"ocean_menu_typo_spacing_tablet":0,"ocean_menu_typo_spacing_mobile":0,"ocean_menu_typo_spacing_unit":"","ocean_menu_link_color":"","ocean_menu_link_color_hover":"","ocean_menu_link_color_active":"","ocean_menu_link_background":"","ocean_menu_link_hover_background":"","ocean_menu_link_active_background":"","ocean_menu_social_links_bg":"","ocean_menu_social_hover_links_bg":"","ocean_menu_social_links_color":"","ocean_menu_social_hover_links_color":"","ocean_disable_title":"default","ocean_disable_heading":"default","ocean_post_title":"","ocean_post_subheading":"","ocean_post_title_style":"","ocean_post_title_background_color":"","ocean_post_title_background":0,"ocean_post_title_bg_image_position":"","ocean_post_title_bg_image_attachment":"","ocean_post_title_bg_image_repeat":"","ocean_post_title_bg_image_size":"","ocean_post_title_height":0,"ocean_post_title_bg_overlay":0.5,"ocean_post_title_bg_overlay_color":"","ocean_disable_breadcrumbs":"default","ocean_breadcrumbs_color":"","ocean_breadcrumbs_separator_color":"","ocean_breadcrumbs_links_color":"","ocean_breadcrumbs_links_hover_color":"","ocean_display_footer_widgets":"default","ocean_display_footer_bottom":"default","ocean_custom_footer_template":"0","footnotes":""},"class_list":["post-30540","page","type-page","status-publish","hentry","entry"],"featured_image_src":null,"yoast_head":"<!-- This site is optimized with the Yoast SEO plugin v24.2 - https:\/\/yoast.com\/wordpress\/plugins\/seo\/ -->\n<title>Rahvusvaheline riiklik v\u00e4ikelaeva juhi tunnistus - International Yacht School. Yachting in Estonia.<\/title>\n<meta name=\"robots\" content=\"index, follow, max-snippet:-1, max-image-preview:large, max-video-preview:-1\" \/>\n<link rel=\"canonical\" href=\"https:\/\/old.yacht-challenge.com\/et\/vaikelaevajuhi-koolitus\/\" \/>\n<meta property=\"og:locale\" content=\"et_EE\" \/>\n<meta property=\"og:type\" content=\"article\" \/>\n<meta property=\"og:title\" content=\"Rahvusvaheline riiklik v\u00e4ikelaeva juhi tunnistus - International Yacht School. Yachting in Estonia.\" \/>\n<meta property=\"og:description\" content=\"\u00a9 Photography Copyright Yacht-Challenge V\u00c4IKELAEVA JUHI KURSUS. RAHVUSVAHELINE RIIKLIK SERTIFIKAAT: SAIL+MOTOR Rahvusvahelise riikliku v\u00e4ikelaevajuhi tunnistuse annab v\u00e4lja Teedeministeeriumi Eesti B\u00fcroo. Sertifikaat annab Teile \u00f5iguse: Purjetamiseks ja mootorpaadiga s\u00f5itmiseks kuni 78 jalga \/ 24 meetrit Ilma navigeerimispiirkonna ja kellaaja piiranguteta Teooria + Praktika: 10 p\u00e4eva Hind + 840 euro Sisaldab: -kogu teooria koos navigatsiooni ja kaardit\u00f6\u00f6dega, [&hellip;]\" \/>\n<meta property=\"og:url\" content=\"https:\/\/old.yacht-challenge.com\/et\/vaikelaevajuhi-koolitus\/\" \/>\n<meta property=\"og:site_name\" content=\"International Yacht School. Yachting in Estonia.\" \/>\n<meta property=\"article:modified_time\" content=\"2024-12-25T15:33:06+00:00\" \/>\n<meta property=\"og:image\" content=\"https:\/\/yacht-challenge.com\/wp-content\/uploads\/2022\/10\/students-scaled-e1630340583941.jpg\" \/>\n<meta name=\"twitter:card\" content=\"summary_large_image\" \/>\n<meta name=\"twitter:label1\" content=\"Est. reading time\" \/>\n\t<meta name=\"twitter:data1\" content=\"2 minutit\" \/>\n<script type=\"application\/ld+json\" class=\"yoast-schema-graph\">{\"@context\":\"https:\/\/schema.org\",\"@graph\":[{\"@type\":\"WebPage\",\"@id\":\"https:\/\/old.yacht-challenge.com\/et\/vaikelaevajuhi-koolitus\/\",\"url\":\"https:\/\/old.yacht-challenge.com\/et\/vaikelaevajuhi-koolitus\/\",\"name\":\"Rahvusvaheline riiklik v\u00e4ikelaeva juhi tunnistus - International Yacht School. Yachting in Estonia.\",\"isPartOf\":{\"@id\":\"https:\/\/old.yacht-challenge.com\/et\/#website\"},\"primaryImageOfPage\":{\"@id\":\"https:\/\/old.yacht-challenge.com\/et\/vaikelaevajuhi-koolitus\/#primaryimage\"},\"image\":{\"@id\":\"https:\/\/old.yacht-challenge.com\/et\/vaikelaevajuhi-koolitus\/#primaryimage\"},\"thumbnailUrl\":\"https:\/\/yacht-challenge.com\/wp-content\/uploads\/2022\/10\/students-scaled-e1630340583941.jpg\",\"datePublished\":\"2023-02-09T15:12:00+00:00\",\"dateModified\":\"2024-12-25T15:33:06+00:00\",\"breadcrumb\":{\"@id\":\"https:\/\/old.yacht-challenge.com\/et\/vaikelaevajuhi-koolitus\/#breadcrumb\"},\"inLanguage\":\"et\",\"potentialAction\":[{\"@type\":\"ReadAction\",\"target\":[\"https:\/\/old.yacht-challenge.com\/et\/vaikelaevajuhi-koolitus\/\"]}]},{\"@type\":\"ImageObject\",\"inLanguage\":\"et\",\"@id\":\"https:\/\/old.yacht-challenge.com\/et\/vaikelaevajuhi-koolitus\/#primaryimage\",\"url\":\"https:\/\/yacht-challenge.com\/wp-content\/uploads\/2022\/10\/students-scaled-e1630340583941.jpg\",\"contentUrl\":\"https:\/\/yacht-challenge.com\/wp-content\/uploads\/2022\/10\/students-scaled-e1630340583941.jpg\"},{\"@type\":\"BreadcrumbList\",\"@id\":\"https:\/\/old.yacht-challenge.com\/et\/vaikelaevajuhi-koolitus\/#breadcrumb\",\"itemListElement\":[{\"@type\":\"ListItem\",\"position\":1,\"name\":\"Home\",\"item\":\"https:\/\/old.yacht-challenge.com\/et\/\"},{\"@type\":\"ListItem\",\"position\":2,\"name\":\"Rahvusvaheline riiklik v\u00e4ikelaeva juhi tunnistus\"}]},{\"@type\":\"WebSite\",\"@id\":\"https:\/\/old.yacht-challenge.com\/et\/#website\",\"url\":\"https:\/\/old.yacht-challenge.com\/et\/\",\"name\":\"International Yacht School. Yachting in Estonia.\",\"description\":\"Great yachting all over the world. IYT certification. P\u00e4rnu Events. over 20 years of experience.\",\"publisher\":{\"@id\":\"https:\/\/old.yacht-challenge.com\/et\/#organization\"},\"potentialAction\":[{\"@type\":\"SearchAction\",\"target\":{\"@type\":\"EntryPoint\",\"urlTemplate\":\"https:\/\/old.yacht-challenge.com\/et\/?s={search_term_string}\"},\"query-input\":{\"@type\":\"PropertyValueSpecification\",\"valueRequired\":true,\"valueName\":\"search_term_string\"}}],\"inLanguage\":\"et\"},{\"@type\":\"Organization\",\"@id\":\"https:\/\/old.yacht-challenge.com\/et\/#organization\",\"name\":\"Yacht-challenge\",\"alternateName\":\"Yacht challenge O\u00dc\",\"url\":\"https:\/\/old.yacht-challenge.com\/et\/\",\"logo\":{\"@type\":\"ImageObject\",\"inLanguage\":\"et\",\"@id\":\"https:\/\/old.yacht-challenge.com\/et\/#\/schema\/logo\/image\/\",\"url\":\"https:\/\/old.yacht-challenge.com\/wp-content\/uploads\/2020\/02\/yacht-logo-iyt-icc-site.png\",\"contentUrl\":\"https:\/\/old.yacht-challenge.com\/wp-content\/uploads\/2020\/02\/yacht-logo-iyt-icc-site.png\",\"width\":350,\"height\":238,\"caption\":\"Yacht-challenge\"},\"image\":{\"@id\":\"https:\/\/old.yacht-challenge.com\/et\/#\/schema\/logo\/image\/\"}}]}<\/script>\n<!-- \/ Yoast SEO plugin. -->","yoast_head_json":{"title":"Rahvusvaheline riiklik v\u00e4ikelaeva juhi tunnistus - International Yacht School. Yachting in Estonia.","robots":{"index":"index","follow":"follow","max-snippet":"max-snippet:-1","max-image-preview":"max-image-preview:large","max-video-preview":"max-video-preview:-1"},"canonical":"https:\/\/old.yacht-challenge.com\/et\/vaikelaevajuhi-koolitus\/","og_locale":"et_EE","og_type":"article","og_title":"Rahvusvaheline riiklik v\u00e4ikelaeva juhi tunnistus - International Yacht School. Yachting in Estonia.","og_description":"\u00a9 Photography Copyright Yacht-Challenge V\u00c4IKELAEVA JUHI KURSUS. RAHVUSVAHELINE RIIKLIK SERTIFIKAAT: SAIL+MOTOR Rahvusvahelise riikliku v\u00e4ikelaevajuhi tunnistuse annab v\u00e4lja Teedeministeeriumi Eesti B\u00fcroo. Sertifikaat annab Teile \u00f5iguse: Purjetamiseks ja mootorpaadiga s\u00f5itmiseks kuni 78 jalga \/ 24 meetrit Ilma navigeerimispiirkonna ja kellaaja piiranguteta Teooria + Praktika: 10 p\u00e4eva Hind + 840 euro Sisaldab: -kogu teooria koos navigatsiooni ja kaardit\u00f6\u00f6dega, [&hellip;]","og_url":"https:\/\/old.yacht-challenge.com\/et\/vaikelaevajuhi-koolitus\/","og_site_name":"International Yacht School. Yachting in Estonia.","article_modified_time":"2024-12-25T15:33:06+00:00","og_image":[{"url":"https:\/\/yacht-challenge.com\/wp-content\/uploads\/2022\/10\/students-scaled-e1630340583941.jpg","type":"","width":"","height":""}],"twitter_card":"summary_large_image","twitter_misc":{"Est. reading time":"2 minutit"},"schema":{"@context":"https:\/\/schema.org","@graph":[{"@type":"WebPage","@id":"https:\/\/old.yacht-challenge.com\/et\/vaikelaevajuhi-koolitus\/","url":"https:\/\/old.yacht-challenge.com\/et\/vaikelaevajuhi-koolitus\/","name":"Rahvusvaheline riiklik v\u00e4ikelaeva juhi tunnistus - International Yacht School. Yachting in Estonia.","isPartOf":{"@id":"https:\/\/old.yacht-challenge.com\/et\/#website"},"primaryImageOfPage":{"@id":"https:\/\/old.yacht-challenge.com\/et\/vaikelaevajuhi-koolitus\/#primaryimage"},"image":{"@id":"https:\/\/old.yacht-challenge.com\/et\/vaikelaevajuhi-koolitus\/#primaryimage"},"thumbnailUrl":"https:\/\/yacht-challenge.com\/wp-content\/uploads\/2022\/10\/students-scaled-e1630340583941.jpg","datePublished":"2023-02-09T15:12:00+00:00","dateModified":"2024-12-25T15:33:06+00:00","breadcrumb":{"@id":"https:\/\/old.yacht-challenge.com\/et\/vaikelaevajuhi-koolitus\/#breadcrumb"},"inLanguage":"et","potentialAction":[{"@type":"ReadAction","target":["https:\/\/old.yacht-challenge.com\/et\/vaikelaevajuhi-koolitus\/"]}]},{"@type":"ImageObject","inLanguage":"et","@id":"https:\/\/old.yacht-challenge.com\/et\/vaikelaevajuhi-koolitus\/#primaryimage","url":"https:\/\/yacht-challenge.com\/wp-content\/uploads\/2022\/10\/students-scaled-e1630340583941.jpg","contentUrl":"https:\/\/yacht-challenge.com\/wp-content\/uploads\/2022\/10\/students-scaled-e1630340583941.jpg"},{"@type":"BreadcrumbList","@id":"https:\/\/old.yacht-challenge.com\/et\/vaikelaevajuhi-koolitus\/#breadcrumb","itemListElement":[{"@type":"ListItem","position":1,"name":"Home","item":"https:\/\/old.yacht-challenge.com\/et\/"},{"@type":"ListItem","position":2,"name":"Rahvusvaheline riiklik v\u00e4ikelaeva juhi tunnistus"}]},{"@type":"WebSite","@id":"https:\/\/old.yacht-challenge.com\/et\/#website","url":"https:\/\/old.yacht-challenge.com\/et\/","name":"International Yacht School. Yachting in Estonia.","description":"Great yachting all over the world. IYT certification. P\u00e4rnu Events. over 20 years of experience.","publisher":{"@id":"https:\/\/old.yacht-challenge.com\/et\/#organization"},"potentialAction":[{"@type":"SearchAction","target":{"@type":"EntryPoint","urlTemplate":"https:\/\/old.yacht-challenge.com\/et\/?s={search_term_string}"},"query-input":{"@type":"PropertyValueSpecification","valueRequired":true,"valueName":"search_term_string"}}],"inLanguage":"et"},{"@type":"Organization","@id":"https:\/\/old.yacht-challenge.com\/et\/#organization","name":"Yacht-challenge","alternateName":"Yacht challenge O\u00dc","url":"https:\/\/old.yacht-challenge.com\/et\/","logo":{"@type":"ImageObject","inLanguage":"et","@id":"https:\/\/old.yacht-challenge.com\/et\/#\/schema\/logo\/image\/","url":"https:\/\/old.yacht-challenge.com\/wp-content\/uploads\/2020\/02\/yacht-logo-iyt-icc-site.png","contentUrl":"https:\/\/old.yacht-challenge.com\/wp-content\/uploads\/2020\/02\/yacht-logo-iyt-icc-site.png","width":350,"height":238,"caption":"Yacht-challenge"},"image":{"@id":"https:\/\/old.yacht-challenge.com\/et\/#\/schema\/logo\/image\/"}}]}},"_links":{"self":[{"href":"https:\/\/old.yacht-challenge.com\/et\/wp-json\/wp\/v2\/pages\/30540","targetHints":{"allow":["GET"]}}],"collection":[{"href":"https:\/\/old.yacht-challenge.com\/et\/wp-json\/wp\/v2\/pages"}],"about":[{"href":"https:\/\/old.yacht-challenge.com\/et\/wp-json\/wp\/v2\/types\/page"}],"author":[{"embeddable":true,"href":"https:\/\/old.yacht-challenge.com\/et\/wp-json\/wp\/v2\/users\/1"}],"replies":[{"embeddable":true,"href":"https:\/\/old.yacht-challenge.com\/et\/wp-json\/wp\/v2\/comments?post=30540"}],"version-history":[{"count":19,"href":"https:\/\/old.yacht-challenge.com\/et\/wp-json\/wp\/v2\/pages\/30540\/revisions"}],"predecessor-version":[{"id":36323,"href":"https:\/\/old.yacht-challenge.com\/et\/wp-json\/wp\/v2\/pages\/30540\/revisions\/36323"}],"wp:attachment":[{"href":"https:\/\/old.yacht-challenge.com\/et\/wp-json\/wp\/v2\/media?parent=30540"}],"curies":[{"name":"wp","href":"https:\/\/api.w.org\/{rel}","templated":true}]}}