{"id":2451,"date":"2019-08-08T18:32:16","date_gmt":"2019-08-08T18:32:16","guid":{"rendered":"https:\/\/yacht-challenge.com\/?page_id=2451"},"modified":"2022-10-12T00:05:16","modified_gmt":"2022-10-11T21:05:16","slug":"isikuandmete-tootlemine-ja-kasutamine","status":"publish","type":"page","link":"https:\/\/old.yacht-challenge.com\/et\/isikuandmete-tootlemine-ja-kasutamine\/","title":{"rendered":"Isikuandmete t\u00f6\u00f6tlemine ja kasutamine"},"content":{"rendered":"\t\t<div data-elementor-type=\"wp-post\" data-elementor-id=\"2451\" class=\"elementor elementor-2451 elementor-2417\" data-elementor-post-type=\"page\">\n\t\t\t\t\t\t<section class=\"elementor-section elementor-top-section elementor-element elementor-element-df754bd elementor-section-boxed elementor-section-height-default elementor-section-height-default\" data-id=\"df754bd\" data-element_type=\"section\">\n\t\t\t\t\t\t<div class=\"elementor-container elementor-column-gap-default\">\n\t\t\t\t\t<div class=\"elementor-column elementor-col-100 elementor-top-column elementor-element elementor-element-1ee0dbee\" data-id=\"1ee0dbee\" data-element_type=\"column\">\n\t\t\t<div class=\"elementor-widget-wrap elementor-element-populated\">\n\t\t\t\t\t\t<div class=\"elementor-element elementor-element-21735c2b elementor-widget elementor-widget-heading\" data-id=\"21735c2b\" data-element_type=\"widget\" data-widget_type=\"heading.default\">\n\t\t\t\t<div class=\"elementor-widget-container\">\n\t\t\t\t\t<h1 class=\"elementor-heading-title elementor-size-default\">Isikuandmete t\u00f6\u00f6tlemine ja kasutamine<\/h1>\t\t\t\t<\/div>\n\t\t\t\t<\/div>\n\t\t\t\t\t<\/div>\n\t\t<\/div>\n\t\t\t\t\t<\/div>\n\t\t<\/section>\n\t\t\t\t<section class=\"elementor-section elementor-top-section elementor-element elementor-element-5a0f370a elementor-section-boxed elementor-section-height-default elementor-section-height-default\" data-id=\"5a0f370a\" data-element_type=\"section\">\n\t\t\t\t\t\t<div class=\"elementor-container elementor-column-gap-default\">\n\t\t\t\t\t<div class=\"elementor-column elementor-col-50 elementor-top-column elementor-element elementor-element-6ff00719\" data-id=\"6ff00719\" data-element_type=\"column\">\n\t\t\t<div class=\"elementor-widget-wrap elementor-element-populated\">\n\t\t\t\t\t\t<div class=\"elementor-element elementor-element-70649611 elementor-widget elementor-widget-text-editor\" data-id=\"70649611\" data-element_type=\"widget\" data-widget_type=\"text-editor.default\">\n\t\t\t\t<div class=\"elementor-widget-container\">\n\t\t\t\t\t\t\t\t\t<b>1. <\/b><b>Kes t\u00f6\u00f6tleb\r\n<\/b>\r\n\r\n<b>Isikuandmete vastutavaks t\u00f6\u00f6tlejaks (v.a. online maksed) on:\r\n<\/b>\r\n\r\nLihtsaim viis p\u00e4ringu Yacht Challenge O\u00dc\r\nSuur-J\u00f5e tn 60 P\u00e4rnu, 80042\r\nEstonia\r\nReg.k 14709430\r\ne-mail: challyacht@gmail.com\r\nwww.yacht-challenge.com\r\ntel. +37253754494\t\t\t\t\t\t\t\t<\/div>\n\t\t\t\t<\/div>\n\t\t\t\t<div class=\"elementor-element elementor-element-4674c7cc elementor-widget elementor-widget-text-editor\" data-id=\"4674c7cc\" data-element_type=\"widget\" data-widget_type=\"text-editor.default\">\n\t\t\t\t<div class=\"elementor-widget-container\">\n\t\t\t\t\t\t\t\t\t<b>2. \u200b<\/b><b>Isikuandmete vastutavaks t\u00f6\u00f6tlejaks online maksmisel on<\/b>\r\n\r\nNets Holding A\/S\r\nLautrupbjerg 10\r\n2750 Ballerup\r\nCVR-nr. 27 22 59 93\r\nPhone: + 45 4468 4468\r\n\r\n&nbsp;\t\t\t\t\t\t\t\t<\/div>\n\t\t\t\t<\/div>\n\t\t\t\t<div class=\"elementor-element elementor-element-10c2f7df elementor-widget elementor-widget-text-editor\" data-id=\"10c2f7df\" data-element_type=\"widget\" data-widget_type=\"text-editor.default\">\n\t\t\t\t<div class=\"elementor-widget-container\">\n\t\t\t\t\t\t\t\t\t<b>3. <\/b><strong>Millised andmed ja mille jaoks me kasutame<\/strong>\r\n\r\nMe s\u00e4ilitame k\u00f5ik andmed, mida te edastate meile. Need andmed sisaldavad teie nime, perekonnanimi, telefoni number, aadress ja meiliaadress. Samuti v\u00f5ime jahi v\u00f5i kajuti valimisel paluda teil oma soovid \u00e4ra n\u00e4idata. Te v\u00f5ite enda andmed mitte avaldada meile, kuid suurem osa esitatud teabest on vajalik jahi v\u00f5i koolituse, meeskonna nimekirja, voucheri ja kapteni tunnistuse broneerimiseks ja tasumiseks.\t\t\t\t\t\t\t\t<\/div>\n\t\t\t\t<\/div>\n\t\t\t\t<div class=\"elementor-element elementor-element-70aa38c4 elementor-widget elementor-widget-text-editor\" data-id=\"70aa38c4\" data-element_type=\"widget\" data-widget_type=\"text-editor.default\">\n\t\t\t\t<div class=\"elementor-widget-container\">\n\t\t\t\t\t\t\t\t\t<b>4. <\/b><strong>Kuidas me kasutame teie andmed<\/strong>\r\n\r\nKasutame teie n\u00f5usolekul teie andmed j\u00e4rgmistel\u00a0 eesm\u00e4rkidel: jahtide broneerimiseks, meeskonna nimekirja v\u00e4ljastamiseks, vaut\u0161eriteks, kaptenitunnistuste v\u00e4ljastamiseks, et teavitada teid eripakkumistest ja uutest marsruutidest, ekskursioonidest ja teenustest, mis v\u00f5ivad teile huvi pakkuda.\r\n\r\nKui maksate kaardiga, kasutades linki, kasutab Nets konfidentsiaalseid makse \u00fcksikasju (nt kaardi omaniku nimi, kaardi number ja aegumiskuup\u00e4ev).\r\n\r\nSaadame teile e-kirju, mis sisaldavad teavet marsruutide ja programmide kohta, mis v\u00f5ivad teile huvi pakkuda, kui olete n\u00f5us turundusteabe saamiseks. Samal ajal on teil nende kirjade saamisel v\u00f5imalus tellimusest loobuda.\t\t\t\t\t\t\t\t<\/div>\n\t\t\t\t<\/div>\n\t\t\t\t<div class=\"elementor-element elementor-element-70b967ab elementor-widget elementor-widget-text-editor\" data-id=\"70b967ab\" data-element_type=\"widget\" data-widget_type=\"text-editor.default\">\n\t\t\t\t<div class=\"elementor-widget-container\">\n\t\t\t\t\t\t\t\t\t<b>5. <\/b><strong>Kellele me teie\u00a0<\/strong><strong>andmed<\/strong>\u00a0<strong>jagame<\/strong>\r\n\r\n<strong>V\u00f5ime teie andmeid edastada j\u00e4rgmistele adressaatidele:<\/strong>\r\n<ul>\r\n \t<li>Tellimusfirma, hotell, lennufirma, reisikorraldaja, kes pakub teile reisi ajal teenuseid. Juhtudel, kui teenuseid osutavad kolmandad isikud, teavitame teid sellest.\r\nLisateabe saamiseks v\u00f5i olulise reisiteabe jagamiseks v\u00f5idakse teiega \u00fchendust v\u00f5tta.<\/li>\r\n \t<li>Kaardiga makstes lingi kaudu teie andmed edastatakse makseteenuse pakkujale Nets, mis on P\u00f5hjamaade juhtiv makseteenuse pakkuja.Nets on p\u00fchendatud teie isikliku teabe kaitsmisele. Nad on vastu v\u00f5tnud sisejulgeoleku p\u00f5him\u00f5tted ja juhendanud oma t\u00f6\u00f6tajaid vastavalt isikuandmete kaitset k\u00e4sitlevate kehtivate \u00f5igusaktide j\u00e4rgimisele.\r\n\r\nNad on rakendanud sobivad protseduurid ja turvameetmed, et kaitsta teie isikuandmeid h\u00e4vitamise, kadumise v\u00f5i muutmise, ebaseadusliku avaldamise ja volitamata isikutele avaldamise v\u00f5i muul viisil t\u00f6\u00f6tlemise eest, mis on vastuolus kohaldatavate isikuandmete kaitse \u00f5igusaktidega.<\/li>\r\n<\/ul>\t\t\t\t\t\t\t\t<\/div>\n\t\t\t\t<\/div>\n\t\t\t\t\t<\/div>\n\t\t<\/div>\n\t\t\t\t<div class=\"elementor-column elementor-col-50 elementor-top-column elementor-element elementor-element-335293e\" data-id=\"335293e\" data-element_type=\"column\">\n\t\t\t<div class=\"elementor-widget-wrap elementor-element-populated\">\n\t\t\t\t\t\t<div class=\"elementor-element elementor-element-280a4cd2 elementor-widget elementor-widget-text-editor\" data-id=\"280a4cd2\" data-element_type=\"widget\" data-widget_type=\"text-editor.default\">\n\t\t\t\t<div class=\"elementor-widget-container\">\n\t\t\t\t\t\t\t\t\t<b>V\u00f5ime teie andmed avaldada j\u00e4rgmistel juhtudel:<\/b>\r\n<ul>\r\n \t<li>Vastuseks kohtukutsetele, kohtuotsustele ja muudele kohtutoimingutele; kehtestada ja kasutada meie seaduslikke \u00f5igusi; kaitseks n\u00f5uete eest v\u00f5i muudel juhtudel, kui seadus seda n\u00f5uab.<\/li>\r\n \t<li>Kui peame m\u00f5istlikuks ebaseaduslike v\u00f5i potentsiaalselt ebaseaduslike toimingute uurimist, ennetamist v\u00f5i nende suhtes meetmete v\u00f5tmist; kaitsta meie ettev\u00f5tte, klientide v\u00f5i teiste isikute \u00f5igusi, vara v\u00f5i turvalisust;<\/li>\r\n<\/ul>\t\t\t\t\t\t\t\t<\/div>\n\t\t\t\t<\/div>\n\t\t\t\t<div class=\"elementor-element elementor-element-65f91ee elementor-widget elementor-widget-text-editor\" data-id=\"65f91ee\" data-element_type=\"widget\" data-widget_type=\"text-editor.default\">\n\t\t\t\t<div class=\"elementor-widget-container\">\n\t\t\t\t\t\t\t\t\t6.<b><strong>K\u00fcpsised ja muud tehnoloogiad<\/strong><\/b>\r\n\r\nK\u00fcpsised on v\u00e4ikesed tekstifailid, mis tekitatatkse teie arvutisse v\u00f5i mobiilseadmesse, kui k\u00fclastate veebisaiti. K\u00fcpsised ei tunne teid isiklikult \u00e4ra; need ei saa teie arvutit ega mobiilseadet kahjustada. K\u00fclastatud saidid kasutavad neid, et teie saaks t\u00f5husamalt kasutada neid saite.\t\t\t\t\t\t\t\t<\/div>\n\t\t\t\t<\/div>\n\t\t\t\t<div class=\"elementor-element elementor-element-246cf7b elementor-widget elementor-widget-text-editor\" data-id=\"246cf7b\" data-element_type=\"widget\" data-widget_type=\"text-editor.default\">\n\t\t\t\t<div class=\"elementor-widget-container\">\n\t\t\t\t\t\t\t\t\t<b>7. <\/b><strong>Kuidas me teie\u00a0<\/strong><strong>andmed<\/strong>\u00a0<strong>kaitseme<\/strong>\r\n\r\nTeeme k\u00f5ik endast oleneva, et teie esitatud andmed kaitsta. Oleme teie isikuandmete kaitseks tarvitusele v\u00f5tnud vajalikud haldus, tehnilised ja f\u00fc\u00fcsilised meetmed.\r\n\r\nN\u00e4iteks on ainult volitatud t\u00f6\u00f6tajatel juurdep\u00e4\u00e4s isikuandmetele ja ainult rangelt m\u00e4\u00e4ratletud eesm\u00e4rkidel.\r\n\r\nKui maksate lingi abil kaardiga, edastatakse teie andmed makseteenuse pakkujale Nets, mis on P\u00f5hjamaade juhtiv makseteenuse pakkuja.\r\n\r\nNets on p\u00fchendatud teie isikliku teabe kaitsmisele. Nad on vastu v\u00f5tnud sisejulgeoleku p\u00f5him\u00f5tted ja juhendanud oma t\u00f6\u00f6tajaid vastavalt isikuandmete kaitset k\u00e4sitlevate kehtivate \u00f5igusaktide j\u00e4rgimisele.\r\n\r\nNad on rakendanud asjakohased protseduurid ja turvameetmed, et kaitsta teie isikuandmeid h\u00e4vitamise, kadumise v\u00f5i muutmise, ebaseadusliku avaldamise ja volitamata isikutele avaldamise v\u00f5i muul viisil t\u00f6\u00f6tlemise eest, mis on vastuolus kohaldatavate isikuandmete kaitse seadustega.\t\t\t\t\t\t\t\t<\/div>\n\t\t\t\t<\/div>\n\t\t\t\t<div class=\"elementor-element elementor-element-38105e2 elementor-widget elementor-widget-text-editor\" data-id=\"38105e2\" data-element_type=\"widget\" data-widget_type=\"text-editor.default\">\n\t\t\t\t<div class=\"elementor-widget-container\">\n\t\t\t\t\t\t\t\t\t<b>8.<\/b><strong>Kuidas me teie\u00a0<\/strong><strong>andmed<\/strong>\u00a0<strong>kaitseme<\/strong>\r\n\r\nMe ei paku alaealistele teenuseid ilma nende seaduslike esindajate n\u00f5usolekuta. Kui saame teada, et alaealine kasutaja (alla 18-aastane) on meile andnud oma isikuandmeid ilma vanemate v\u00f5i hooldaja n\u00f5usolekuta, kustutame need andmed\u00a0 viivitamata.\t\t\t\t\t\t\t\t<\/div>\n\t\t\t\t<\/div>\n\t\t\t\t<div class=\"elementor-element elementor-element-6adef59 elementor-widget elementor-widget-text-editor\" data-id=\"6adef59\" data-element_type=\"widget\" data-widget_type=\"text-editor.default\">\n\t\t\t\t<div class=\"elementor-widget-container\">\n\t\t\t\t\t\t\t\t\t<b>9. <\/b><strong>Kuidas meiega \u00fchendust v\u00f5tta<\/strong>\r\n\r\nKui teil on k\u00fcsimusi seoses privaatsuspoliitikaga (samuti plaanite jahi rentimist, turismireisi v\u00f5i kaptenikoolitust), v\u00f5tke meiega \u00fchendust aadressil\r\n\r\n<b>Email:<\/b>\u00a0<b>challyacht@gmail.com<\/b>\t\t\t\t\t\t\t\t<\/div>\n\t\t\t\t<\/div>\n\t\t\t\t\t<\/div>\n\t\t<\/div>\n\t\t\t\t\t<\/div>\n\t\t<\/section>\n\t\t\t\t<section class=\"elementor-section elementor-top-section elementor-element elementor-element-4a5950f7 elementor-section-stretched elementor-section-full_width elementor-section-content-top elementor-section-height-default elementor-section-height-default\" data-id=\"4a5950f7\" data-element_type=\"section\" data-settings=\"{&quot;stretch_section&quot;:&quot;section-stretched&quot;,&quot;background_background&quot;:&quot;classic&quot;}\">\n\t\t\t\t\t\t<div class=\"elementor-container elementor-column-gap-no\">\n\t\t\t\t\t<div class=\"elementor-column elementor-col-100 elementor-top-column elementor-element elementor-element-b0a7dca\" data-id=\"b0a7dca\" data-element_type=\"column\" data-settings=\"{&quot;background_background&quot;:&quot;classic&quot;}\">\n\t\t\t<div class=\"elementor-widget-wrap elementor-element-populated\">\n\t\t\t\t\t\t<div class=\"elementor-element elementor-element-28f8fe69 elementor-widget elementor-widget-text-editor\" data-id=\"28f8fe69\" data-element_type=\"widget\" data-widget_type=\"text-editor.default\">\n\t\t\t\t<div class=\"elementor-widget-container\">\n\t\t\t\t\t\t\t\t\tFOR YACHT ACADEMY WE HAVE A HIGHEST QUALIFICATION\t\t\t\t\t\t\t\t<\/div>\n\t\t\t\t<\/div>\n\t\t\t\t\t<\/div>\n\t\t<\/div>\n\t\t\t\t\t<\/div>\n\t\t<\/section>\n\t\t\t\t<\/div>\n\t\t","protected":false},"excerpt":{"rendered":"<p>Isikuandmete t\u00f6\u00f6tlemine ja kasutamine 1. Kes t\u00f6\u00f6tleb Isikuandmete vastutavaks t\u00f6\u00f6tlejaks (v.a. online maksed) on: Lihtsaim viis p\u00e4ringu Yacht Challenge O\u00dc Suur-J\u00f5e tn 60 P\u00e4rnu, 80042 Estonia Reg.k 14709430 e-mail: challyacht@gmail.com www.yacht-challenge.com tel. +372537544942. \u200bIsikuandmete vastutavaks t\u00f6\u00f6tlejaks online maksmisel on Nets Holding A\/S Lautrupbjerg 10 2750 Ballerup CVR-nr. 27 22 59 93 Phone: + 45 4468 [&hellip;]<\/p>\n","protected":false},"author":1,"featured_media":0,"parent":0,"menu_order":0,"comment_status":"closed","ping_status":"closed","template":"","meta":{"ub_ctt_via":"","ocean_post_layout":"","ocean_both_sidebars_style":"","ocean_both_sidebars_content_width":0,"ocean_both_sidebars_sidebars_width":0,"ocean_sidebar":"0","ocean_second_sidebar":"0","ocean_disable_margins":"enable","ocean_add_body_class":"","ocean_shortcode_before_top_bar":"","ocean_shortcode_after_top_bar":"","ocean_shortcode_before_header":"","ocean_shortcode_after_header":"","ocean_has_shortcode":"","ocean_shortcode_after_title":"","ocean_shortcode_before_footer_widgets":"","ocean_shortcode_after_footer_widgets":"","ocean_shortcode_before_footer_bottom":"","ocean_shortcode_after_footer_bottom":"","ocean_display_top_bar":"default","ocean_display_header":"default","ocean_header_style":"","ocean_center_header_left_menu":"0","ocean_custom_header_template":"0","ocean_custom_logo":0,"ocean_custom_retina_logo":0,"ocean_custom_logo_max_width":0,"ocean_custom_logo_tablet_max_width":0,"ocean_custom_logo_mobile_max_width":0,"ocean_custom_logo_max_height":0,"ocean_custom_logo_tablet_max_height":0,"ocean_custom_logo_mobile_max_height":0,"ocean_header_custom_menu":"0","ocean_menu_typo_font_family":"0","ocean_menu_typo_font_subset":"","ocean_menu_typo_font_size":0,"ocean_menu_typo_font_size_tablet":0,"ocean_menu_typo_font_size_mobile":0,"ocean_menu_typo_font_size_unit":"px","ocean_menu_typo_font_weight":"","ocean_menu_typo_font_weight_tablet":"","ocean_menu_typo_font_weight_mobile":"","ocean_menu_typo_transform":"","ocean_menu_typo_transform_tablet":"","ocean_menu_typo_transform_mobile":"","ocean_menu_typo_line_height":0,"ocean_menu_typo_line_height_tablet":0,"ocean_menu_typo_line_height_mobile":0,"ocean_menu_typo_line_height_unit":"","ocean_menu_typo_spacing":0,"ocean_menu_typo_spacing_tablet":0,"ocean_menu_typo_spacing_mobile":0,"ocean_menu_typo_spacing_unit":"","ocean_menu_link_color":"","ocean_menu_link_color_hover":"","ocean_menu_link_color_active":"","ocean_menu_link_background":"","ocean_menu_link_hover_background":"","ocean_menu_link_active_background":"","ocean_menu_social_links_bg":"","ocean_menu_social_hover_links_bg":"","ocean_menu_social_links_color":"","ocean_menu_social_hover_links_color":"","ocean_disable_title":"default","ocean_disable_heading":"default","ocean_post_title":"","ocean_post_subheading":"","ocean_post_title_style":"","ocean_post_title_background_color":"","ocean_post_title_background":0,"ocean_post_title_bg_image_position":"","ocean_post_title_bg_image_attachment":"","ocean_post_title_bg_image_repeat":"","ocean_post_title_bg_image_size":"","ocean_post_title_height":0,"ocean_post_title_bg_overlay":0.5,"ocean_post_title_bg_overlay_color":"","ocean_disable_breadcrumbs":"default","ocean_breadcrumbs_color":"","ocean_breadcrumbs_separator_color":"","ocean_breadcrumbs_links_color":"","ocean_breadcrumbs_links_hover_color":"","ocean_display_footer_widgets":"default","ocean_display_footer_bottom":"default","ocean_custom_footer_template":"0","footnotes":""},"class_list":["post-2451","page","type-page","status-publish","hentry","entry"],"featured_image_src":null,"yoast_head":"<!-- This site is optimized with the Yoast SEO plugin v24.2 - https:\/\/yoast.com\/wordpress\/plugins\/seo\/ -->\n<title>Isikuandmete t\u00f6\u00f6tlemine ja kasutamine - International Yacht School. Yachting in Estonia.<\/title>\n<meta name=\"robots\" content=\"index, follow, max-snippet:-1, max-image-preview:large, max-video-preview:-1\" \/>\n<link rel=\"canonical\" href=\"https:\/\/old.yacht-challenge.com\/et\/isikuandmete-tootlemine-ja-kasutamine\/\" \/>\n<meta property=\"og:locale\" content=\"et_EE\" \/>\n<meta property=\"og:type\" content=\"article\" \/>\n<meta property=\"og:title\" content=\"Isikuandmete t\u00f6\u00f6tlemine ja kasutamine - International Yacht School. Yachting in Estonia.\" \/>\n<meta property=\"og:description\" content=\"Isikuandmete t\u00f6\u00f6tlemine ja kasutamine 1. Kes t\u00f6\u00f6tleb Isikuandmete vastutavaks t\u00f6\u00f6tlejaks (v.a. online maksed) on: Lihtsaim viis p\u00e4ringu Yacht Challenge O\u00dc Suur-J\u00f5e tn 60 P\u00e4rnu, 80042 Estonia Reg.k 14709430 e-mail: challyacht@gmail.com www.yacht-challenge.com tel. +372537544942. \u200bIsikuandmete vastutavaks t\u00f6\u00f6tlejaks online maksmisel on Nets Holding A\/S Lautrupbjerg 10 2750 Ballerup CVR-nr. 27 22 59 93 Phone: + 45 4468 [&hellip;]\" \/>\n<meta property=\"og:url\" content=\"https:\/\/old.yacht-challenge.com\/et\/isikuandmete-tootlemine-ja-kasutamine\/\" \/>\n<meta property=\"og:site_name\" content=\"International Yacht School. Yachting in Estonia.\" \/>\n<meta property=\"article:modified_time\" content=\"2022-10-11T21:05:16+00:00\" \/>\n<meta name=\"twitter:card\" content=\"summary_large_image\" \/>\n<meta name=\"twitter:label1\" content=\"Est. reading time\" \/>\n\t<meta name=\"twitter:data1\" content=\"3 minutit\" \/>\n<script type=\"application\/ld+json\" class=\"yoast-schema-graph\">{\"@context\":\"https:\/\/schema.org\",\"@graph\":[{\"@type\":\"WebPage\",\"@id\":\"https:\/\/old.yacht-challenge.com\/et\/isikuandmete-tootlemine-ja-kasutamine\/\",\"url\":\"https:\/\/old.yacht-challenge.com\/et\/isikuandmete-tootlemine-ja-kasutamine\/\",\"name\":\"Isikuandmete t\u00f6\u00f6tlemine ja kasutamine - International Yacht School. Yachting in Estonia.\",\"isPartOf\":{\"@id\":\"https:\/\/old.yacht-challenge.com\/et\/#website\"},\"datePublished\":\"2019-08-08T18:32:16+00:00\",\"dateModified\":\"2022-10-11T21:05:16+00:00\",\"breadcrumb\":{\"@id\":\"https:\/\/old.yacht-challenge.com\/et\/isikuandmete-tootlemine-ja-kasutamine\/#breadcrumb\"},\"inLanguage\":\"et\",\"potentialAction\":[{\"@type\":\"ReadAction\",\"target\":[\"https:\/\/old.yacht-challenge.com\/et\/isikuandmete-tootlemine-ja-kasutamine\/\"]}]},{\"@type\":\"BreadcrumbList\",\"@id\":\"https:\/\/old.yacht-challenge.com\/et\/isikuandmete-tootlemine-ja-kasutamine\/#breadcrumb\",\"itemListElement\":[{\"@type\":\"ListItem\",\"position\":1,\"name\":\"Home\",\"item\":\"https:\/\/old.yacht-challenge.com\/et\/\"},{\"@type\":\"ListItem\",\"position\":2,\"name\":\"Isikuandmete t\u00f6\u00f6tlemine ja kasutamine\"}]},{\"@type\":\"WebSite\",\"@id\":\"https:\/\/old.yacht-challenge.com\/et\/#website\",\"url\":\"https:\/\/old.yacht-challenge.com\/et\/\",\"name\":\"International Yacht School. Yachting in Estonia.\",\"description\":\"Great yachting all over the world. IYT certification. P\u00e4rnu Events. over 20 years of experience.\",\"publisher\":{\"@id\":\"https:\/\/old.yacht-challenge.com\/et\/#organization\"},\"potentialAction\":[{\"@type\":\"SearchAction\",\"target\":{\"@type\":\"EntryPoint\",\"urlTemplate\":\"https:\/\/old.yacht-challenge.com\/et\/?s={search_term_string}\"},\"query-input\":{\"@type\":\"PropertyValueSpecification\",\"valueRequired\":true,\"valueName\":\"search_term_string\"}}],\"inLanguage\":\"et\"},{\"@type\":\"Organization\",\"@id\":\"https:\/\/old.yacht-challenge.com\/et\/#organization\",\"name\":\"Yacht-challenge\",\"alternateName\":\"Yacht challenge O\u00dc\",\"url\":\"https:\/\/old.yacht-challenge.com\/et\/\",\"logo\":{\"@type\":\"ImageObject\",\"inLanguage\":\"et\",\"@id\":\"https:\/\/old.yacht-challenge.com\/et\/#\/schema\/logo\/image\/\",\"url\":\"https:\/\/old.yacht-challenge.com\/wp-content\/uploads\/2020\/02\/yacht-logo-iyt-icc-site.png\",\"contentUrl\":\"https:\/\/old.yacht-challenge.com\/wp-content\/uploads\/2020\/02\/yacht-logo-iyt-icc-site.png\",\"width\":350,\"height\":238,\"caption\":\"Yacht-challenge\"},\"image\":{\"@id\":\"https:\/\/old.yacht-challenge.com\/et\/#\/schema\/logo\/image\/\"}}]}<\/script>\n<!-- \/ Yoast SEO plugin. -->","yoast_head_json":{"title":"Isikuandmete t\u00f6\u00f6tlemine ja kasutamine - International Yacht School. Yachting in Estonia.","robots":{"index":"index","follow":"follow","max-snippet":"max-snippet:-1","max-image-preview":"max-image-preview:large","max-video-preview":"max-video-preview:-1"},"canonical":"https:\/\/old.yacht-challenge.com\/et\/isikuandmete-tootlemine-ja-kasutamine\/","og_locale":"et_EE","og_type":"article","og_title":"Isikuandmete t\u00f6\u00f6tlemine ja kasutamine - International Yacht School. Yachting in Estonia.","og_description":"Isikuandmete t\u00f6\u00f6tlemine ja kasutamine 1. Kes t\u00f6\u00f6tleb Isikuandmete vastutavaks t\u00f6\u00f6tlejaks (v.a. online maksed) on: Lihtsaim viis p\u00e4ringu Yacht Challenge O\u00dc Suur-J\u00f5e tn 60 P\u00e4rnu, 80042 Estonia Reg.k 14709430 e-mail: challyacht@gmail.com www.yacht-challenge.com tel. +372537544942. \u200bIsikuandmete vastutavaks t\u00f6\u00f6tlejaks online maksmisel on Nets Holding A\/S Lautrupbjerg 10 2750 Ballerup CVR-nr. 27 22 59 93 Phone: + 45 4468 [&hellip;]","og_url":"https:\/\/old.yacht-challenge.com\/et\/isikuandmete-tootlemine-ja-kasutamine\/","og_site_name":"International Yacht School. Yachting in Estonia.","article_modified_time":"2022-10-11T21:05:16+00:00","twitter_card":"summary_large_image","twitter_misc":{"Est. reading time":"3 minutit"},"schema":{"@context":"https:\/\/schema.org","@graph":[{"@type":"WebPage","@id":"https:\/\/old.yacht-challenge.com\/et\/isikuandmete-tootlemine-ja-kasutamine\/","url":"https:\/\/old.yacht-challenge.com\/et\/isikuandmete-tootlemine-ja-kasutamine\/","name":"Isikuandmete t\u00f6\u00f6tlemine ja kasutamine - International Yacht School. Yachting in Estonia.","isPartOf":{"@id":"https:\/\/old.yacht-challenge.com\/et\/#website"},"datePublished":"2019-08-08T18:32:16+00:00","dateModified":"2022-10-11T21:05:16+00:00","breadcrumb":{"@id":"https:\/\/old.yacht-challenge.com\/et\/isikuandmete-tootlemine-ja-kasutamine\/#breadcrumb"},"inLanguage":"et","potentialAction":[{"@type":"ReadAction","target":["https:\/\/old.yacht-challenge.com\/et\/isikuandmete-tootlemine-ja-kasutamine\/"]}]},{"@type":"BreadcrumbList","@id":"https:\/\/old.yacht-challenge.com\/et\/isikuandmete-tootlemine-ja-kasutamine\/#breadcrumb","itemListElement":[{"@type":"ListItem","position":1,"name":"Home","item":"https:\/\/old.yacht-challenge.com\/et\/"},{"@type":"ListItem","position":2,"name":"Isikuandmete t\u00f6\u00f6tlemine ja kasutamine"}]},{"@type":"WebSite","@id":"https:\/\/old.yacht-challenge.com\/et\/#website","url":"https:\/\/old.yacht-challenge.com\/et\/","name":"International Yacht School. Yachting in Estonia.","description":"Great yachting all over the world. IYT certification. P\u00e4rnu Events. over 20 years of experience.","publisher":{"@id":"https:\/\/old.yacht-challenge.com\/et\/#organization"},"potentialAction":[{"@type":"SearchAction","target":{"@type":"EntryPoint","urlTemplate":"https:\/\/old.yacht-challenge.com\/et\/?s={search_term_string}"},"query-input":{"@type":"PropertyValueSpecification","valueRequired":true,"valueName":"search_term_string"}}],"inLanguage":"et"},{"@type":"Organization","@id":"https:\/\/old.yacht-challenge.com\/et\/#organization","name":"Yacht-challenge","alternateName":"Yacht challenge O\u00dc","url":"https:\/\/old.yacht-challenge.com\/et\/","logo":{"@type":"ImageObject","inLanguage":"et","@id":"https:\/\/old.yacht-challenge.com\/et\/#\/schema\/logo\/image\/","url":"https:\/\/old.yacht-challenge.com\/wp-content\/uploads\/2020\/02\/yacht-logo-iyt-icc-site.png","contentUrl":"https:\/\/old.yacht-challenge.com\/wp-content\/uploads\/2020\/02\/yacht-logo-iyt-icc-site.png","width":350,"height":238,"caption":"Yacht-challenge"},"image":{"@id":"https:\/\/old.yacht-challenge.com\/et\/#\/schema\/logo\/image\/"}}]}},"_links":{"self":[{"href":"https:\/\/old.yacht-challenge.com\/et\/wp-json\/wp\/v2\/pages\/2451","targetHints":{"allow":["GET"]}}],"collection":[{"href":"https:\/\/old.yacht-challenge.com\/et\/wp-json\/wp\/v2\/pages"}],"about":[{"href":"https:\/\/old.yacht-challenge.com\/et\/wp-json\/wp\/v2\/types\/page"}],"author":[{"embeddable":true,"href":"https:\/\/old.yacht-challenge.com\/et\/wp-json\/wp\/v2\/users\/1"}],"replies":[{"embeddable":true,"href":"https:\/\/old.yacht-challenge.com\/et\/wp-json\/wp\/v2\/comments?post=2451"}],"version-history":[{"count":29,"href":"https:\/\/old.yacht-challenge.com\/et\/wp-json\/wp\/v2\/pages\/2451\/revisions"}],"predecessor-version":[{"id":28437,"href":"https:\/\/old.yacht-challenge.com\/et\/wp-json\/wp\/v2\/pages\/2451\/revisions\/28437"}],"wp:attachment":[{"href":"https:\/\/old.yacht-challenge.com\/et\/wp-json\/wp\/v2\/media?parent=2451"}],"curies":[{"name":"wp","href":"https:\/\/api.w.org\/{rel}","templated":true}]}}