{"id":24161,"date":"2021-12-02T21:33:21","date_gmt":"2021-12-02T19:33:21","guid":{"rendered":"https:\/\/yacht-challenge.com\/mida-jahile-kaasa-votta\/"},"modified":"2024-12-25T16:59:55","modified_gmt":"2024-12-25T14:59:55","slug":"mida-jahile-kaasa-votta","status":"publish","type":"page","link":"https:\/\/old.yacht-challenge.com\/et\/mida-jahile-kaasa-votta\/","title":{"rendered":"Mida jahile kaasa v\u00f5tta."},"content":{"rendered":"\n<p class=\"has-medium-font-size\"><strong>Mida jahile kaasa v\u00f5tta.<\/strong><\/p>\n\n<p class=\"has-medium-font-size\">Koht jahil on piiratud; kui v\u00f5imalik, \u00e4rge v\u00f5tke kaasa palju asju ja suuri kohvreid, eelistatavalt pehmeid kotte v\u00f5i seljakotte.<\/p>\n\n<p class=\"has-medium-font-size\"><strong>L\u00c4\u00c4NEMERI, P\u00d5HJAmeri, ATLAND &#8211; Aastaringselt, VAHEMERI-s\u00fcgis, talv, kevad<\/strong><\/p>\n\n<div class=\"wp-block-columns is-layout-flex wp-container-core-columns-is-layout-1 wp-block-columns-is-layout-flex\">\n<div class=\"wp-block-column is-layout-flow wp-block-column-is-layout-flow\">\n<ol class=\"wp-block-list\">\n<li>Pass v\u00f5i ID, raha, kindlustus koos aktiivse spordiga kaasneva riski kattega. Laadimine 12 volti.<\/li>\n<\/ol>\n\n\n\n<p class=\"has-medium-font-size\">2. Hea veekindel jope ja p\u00fcksid v\u00f5i midagi suusakost\u00fc\u00fcmi taolist.<\/p>\n\n\n\n<p class=\"has-medium-font-size\">3. P\u00e4ikeseprillid, p\u00e4ikesekreem (30-50 \u00fchikut), p\u00e4ikesekaitsekreem, ujumistrikoo<\/p>\n\n\n\n<p class=\"has-medium-font-size\">4. T-s\u00e4rgid p\u00e4evade arvu j\u00e4rgi, l\u00fchikesed p\u00fcksid, heledad p\u00fcksid<\/p>\n\n\n\n<p class=\"has-medium-font-size\">5. Pl\u00e4tud, tossud, kummikud \u2013 tald peab olema heledat v\u00e4rvi!<\/p>\n\n\n\n<p class=\"has-medium-font-size\">6. Termopesu, dressid, fliis, kampsun, sokid.<\/p>\n\n\n\n<p class=\"has-medium-font-size\">7. Kerge m\u00fcts v\u00f5i bandana, soe m\u00fcts, soojad kindad<\/p>\n\n\n\n<p class=\"has-medium-font-size\">8. R\u00e4tik, \u0161ampoon, hambapasta, hambahari, kamm.<\/p>\n\n\n\n<p class=\"has-medium-font-size\">9. Kui oled liikumismerehaige \u2013 pillid merehaiguse vastu.&#13;\nKui plaanid \u00f5ppida v\u00f5i osaleda jahi juhtimises ja purjetamises \u2013 kindad k\u00e4te kaitseks<\/p>\n<\/div>\n\n\n\n<div class=\"wp-block-column is-layout-flow wp-block-column-is-layout-flow\">\n<figure class=\"wp-block-image size-large\"><img fetchpriority=\"high\" decoding=\"async\" width=\"1280\" height=\"960\" src=\"https:\/\/yacht-challenge.com\/wp-content\/uploads\/2020\/06\/IMG_20190823_202311-1280x960.jpg\" alt=\"\" class=\"wp-image-9448\"\/><figcaption class=\"wp-element-caption\">Jahtide riietus<\/figcaption><\/figure>\n<\/div>\n\n\n\n<div class=\"wp-block-column is-layout-flow wp-block-column-is-layout-flow\">\n<figure class=\"wp-block-image size-large\"><img decoding=\"async\" width=\"1280\" height=\"960\" src=\"https:\/\/yacht-challenge.com\/wp-content\/uploads\/2021\/06\/Shoes-1280x960.jpg\" alt=\"\" class=\"wp-image-15267\"\/><figcaption class=\"wp-element-caption\">Jahtjalatsid<\/figcaption><\/figure>\n<\/div>\n<\/div>\n\n<p class=\"has-medium-font-size\"><strong>VAHEMERI &#8211; SUVI, EKSOOTILISED SOOJAD RIIGID AASTA \u00dcMBER<\/strong><\/p>\n\n<div class=\"wp-block-columns is-layout-flex wp-container-core-columns-is-layout-2 wp-block-columns-is-layout-flex\">\n<div class=\"wp-block-column is-layout-flow wp-block-column-is-layout-flow\">\n<p class=\"has-medium-font-size\">1.Pass v\u00f5i ID, raha, kindlustus koos aktiivse spordiga seotud riskide katmisega.<\/p>\n\n\n\n<p class=\"has-medium-font-size\">2.P\u00e4ikeseprillid, p\u00e4ikesekreem (30-50), ujumistrikoo&#13;\n3.T-s\u00e4rgid p\u00e4evade arvu j\u00e4rgi, l\u00fchikesed p\u00fcksid&#13;\n4. Flip flops, tossud \u2013 tald peab olema heledat v\u00e4rvi!&#13;\n5. Kerged p\u00fcksid, sokid&#13;\n6. \u00d5huke tuulekindel jope ja p\u00fcksid.&#13;\n7.M\u00fcts v\u00f5i bandaan, mask, snorkel&#13;\n8.R\u00e4tik, \u0161ampoon, hambapasta, hambahari, kamm.&#13;\n9.Laadimine 12 volti.<\/p>\n\n\n\n<p class=\"has-medium-font-size\">10. Kui oled liikumismerehaige \u2013 pillid merehaiguse vastu.&#13;\n11.Kui plaanid osaleda jahi juhtimises ja purjetamises \u2013 kindad k\u00e4te kaitseks.&#13;\nKohtade arv jahil on piiratud; v\u00f5imalusel proovi mitte kaasa v\u00f5tta palju asju ja suuri kohvreid, soovitavalt pehmeid kotte v\u00f5i seljakotte.<\/p>\n\n\n\n<p class=\"has-medium-font-size\"><strong>P\u00f5hireeglid jahil<\/strong><\/p>\n\n\n\n<p class=\"has-medium-font-size\">Jahil ei tohi midagi teha ilma kaptenit k\u00fcsimata v\u00f5i hoiatamata.&#13;\nJahil peab alati millestki kinni hoidma.&#13;\nP\u00e4\u00e4stevestid on lastele kohustuslikud ja t\u00e4iskasvanutele soovitatavad.&#13;\n&#13;\nNeed on alati jahi peal.&#13;\nJ\u00e4lgige lapsi kogu reisi v\u00e4ltel.&#13;\nJahil kantakse ainult heleda tallaga jalan\u00f5usid.&#13;\nM\u00f5\u00f5dukas joomine on jahi peal v\u00f5imalik, v\u00e4lja arvatud punane vein.&#13;\nJahil on spetsiaalsed kotid pr\u00fcgi jaoks. Pr\u00fcgi merre viskamine on rangelt keelatud.<\/p>\n<\/div>\n\n\n\n<div class=\"wp-block-column is-layout-flow wp-block-column-is-layout-flow\">\n<figure class=\"wp-block-image size-large\"><img decoding=\"async\" width=\"960\" height=\"1280\" src=\"https:\/\/yacht-challenge.com\/wp-content\/uploads\/2020\/07\/relax-960x1280.jpg\" alt=\"\" class=\"wp-image-10506\"\/><figcaption class=\"wp-element-caption\">Soojade ilmade jaoks<\/figcaption><\/figure>\n<\/div>\n\n\n\n<div class=\"wp-block-column is-layout-flow wp-block-column-is-layout-flow\">\n<figure class=\"wp-block-image size-large\"><img loading=\"lazy\" decoding=\"async\" width=\"960\" height=\"1280\" src=\"https:\/\/yacht-challenge.com\/wp-content\/uploads\/2021\/05\/20190709_133009-960x1280.jpg\" alt=\"\" class=\"wp-image-15255\"\/><\/figure>\n\n\n\n<p>Jahtkindad<\/p>\n<\/div>\n<\/div>\n","protected":false},"excerpt":{"rendered":"<p>Mida jahile kaasa v\u00f5tta. Koht jahil on piiratud; kui v\u00f5imalik, \u00e4rge v\u00f5tke kaasa palju asju ja suuri kohvreid, eelistatavalt pehmeid kotte v\u00f5i seljakotte. L\u00c4\u00c4NEMERI, P\u00d5HJAmeri, ATLAND &#8211; Aastaringselt, VAHEMERI-s\u00fcgis, talv, kevad 2. Hea veekindel jope ja p\u00fcksid v\u00f5i midagi suusakost\u00fc\u00fcmi taolist. 3. P\u00e4ikeseprillid, p\u00e4ikesekreem (30-50 \u00fchikut), p\u00e4ikesekaitsekreem, ujumistrikoo 4. T-s\u00e4rgid p\u00e4evade arvu j\u00e4rgi, l\u00fchikesed p\u00fcksid, [&hellip;]<\/p>\n","protected":false},"author":1,"featured_media":0,"parent":0,"menu_order":0,"comment_status":"closed","ping_status":"closed","template":"","meta":{"ub_ctt_via":"","ocean_post_layout":"","ocean_both_sidebars_style":"","ocean_both_sidebars_content_width":0,"ocean_both_sidebars_sidebars_width":0,"ocean_sidebar":"0","ocean_second_sidebar":"0","ocean_disable_margins":"enable","ocean_add_body_class":"","ocean_shortcode_before_top_bar":"","ocean_shortcode_after_top_bar":"","ocean_shortcode_before_header":"","ocean_shortcode_after_header":"","ocean_has_shortcode":"","ocean_shortcode_after_title":"","ocean_shortcode_before_footer_widgets":"","ocean_shortcode_after_footer_widgets":"","ocean_shortcode_before_footer_bottom":"","ocean_shortcode_after_footer_bottom":"","ocean_display_top_bar":"default","ocean_display_header":"default","ocean_header_style":"","ocean_center_header_left_menu":"0","ocean_custom_header_template":"0","ocean_custom_logo":0,"ocean_custom_retina_logo":0,"ocean_custom_logo_max_width":0,"ocean_custom_logo_tablet_max_width":0,"ocean_custom_logo_mobile_max_width":0,"ocean_custom_logo_max_height":0,"ocean_custom_logo_tablet_max_height":0,"ocean_custom_logo_mobile_max_height":0,"ocean_header_custom_menu":"0","ocean_menu_typo_font_family":"0","ocean_menu_typo_font_subset":"","ocean_menu_typo_font_size":0,"ocean_menu_typo_font_size_tablet":0,"ocean_menu_typo_font_size_mobile":0,"ocean_menu_typo_font_size_unit":"px","ocean_menu_typo_font_weight":"","ocean_menu_typo_font_weight_tablet":"","ocean_menu_typo_font_weight_mobile":"","ocean_menu_typo_transform":"","ocean_menu_typo_transform_tablet":"","ocean_menu_typo_transform_mobile":"","ocean_menu_typo_line_height":0,"ocean_menu_typo_line_height_tablet":0,"ocean_menu_typo_line_height_mobile":0,"ocean_menu_typo_line_height_unit":"","ocean_menu_typo_spacing":0,"ocean_menu_typo_spacing_tablet":0,"ocean_menu_typo_spacing_mobile":0,"ocean_menu_typo_spacing_unit":"","ocean_menu_link_color":"","ocean_menu_link_color_hover":"","ocean_menu_link_color_active":"","ocean_menu_link_background":"","ocean_menu_link_hover_background":"","ocean_menu_link_active_background":"","ocean_menu_social_links_bg":"","ocean_menu_social_hover_links_bg":"","ocean_menu_social_links_color":"","ocean_menu_social_hover_links_color":"","ocean_disable_title":"default","ocean_disable_heading":"default","ocean_post_title":"","ocean_post_subheading":"","ocean_post_title_style":"","ocean_post_title_background_color":"","ocean_post_title_background":0,"ocean_post_title_bg_image_position":"","ocean_post_title_bg_image_attachment":"","ocean_post_title_bg_image_repeat":"","ocean_post_title_bg_image_size":"","ocean_post_title_height":0,"ocean_post_title_bg_overlay":0.5,"ocean_post_title_bg_overlay_color":"","ocean_disable_breadcrumbs":"default","ocean_breadcrumbs_color":"","ocean_breadcrumbs_separator_color":"","ocean_breadcrumbs_links_color":"","ocean_breadcrumbs_links_hover_color":"","ocean_display_footer_widgets":"default","ocean_display_footer_bottom":"default","ocean_custom_footer_template":"0","footnotes":""},"class_list":["post-24161","page","type-page","status-publish","hentry","entry"],"featured_image_src":null,"yoast_head":"<!-- This site is optimized with the Yoast SEO plugin v24.2 - https:\/\/yoast.com\/wordpress\/plugins\/seo\/ -->\n<title>Mida jahile kaasa v\u00f5tta. - International Yacht School. Yachting in Estonia.<\/title>\n<meta name=\"robots\" content=\"index, follow, max-snippet:-1, max-image-preview:large, max-video-preview:-1\" \/>\n<link rel=\"canonical\" href=\"https:\/\/old.yacht-challenge.com\/et\/mida-jahile-kaasa-votta\/\" \/>\n<meta property=\"og:locale\" content=\"et_EE\" \/>\n<meta property=\"og:type\" content=\"article\" \/>\n<meta property=\"og:title\" content=\"Mida jahile kaasa v\u00f5tta. - International Yacht School. Yachting in Estonia.\" \/>\n<meta property=\"og:description\" content=\"Mida jahile kaasa v\u00f5tta. Koht jahil on piiratud; kui v\u00f5imalik, \u00e4rge v\u00f5tke kaasa palju asju ja suuri kohvreid, eelistatavalt pehmeid kotte v\u00f5i seljakotte. L\u00c4\u00c4NEMERI, P\u00d5HJAmeri, ATLAND &#8211; Aastaringselt, VAHEMERI-s\u00fcgis, talv, kevad 2. Hea veekindel jope ja p\u00fcksid v\u00f5i midagi suusakost\u00fc\u00fcmi taolist. 3. P\u00e4ikeseprillid, p\u00e4ikesekreem (30-50 \u00fchikut), p\u00e4ikesekaitsekreem, ujumistrikoo 4. T-s\u00e4rgid p\u00e4evade arvu j\u00e4rgi, l\u00fchikesed p\u00fcksid, [&hellip;]\" \/>\n<meta property=\"og:url\" content=\"https:\/\/old.yacht-challenge.com\/et\/mida-jahile-kaasa-votta\/\" \/>\n<meta property=\"og:site_name\" content=\"International Yacht School. Yachting in Estonia.\" \/>\n<meta property=\"article:modified_time\" content=\"2024-12-25T14:59:55+00:00\" \/>\n<meta property=\"og:image\" content=\"https:\/\/yacht-challenge.com\/wp-content\/uploads\/2020\/06\/IMG_20190823_202311-1280x960.jpg\" \/>\n<meta name=\"twitter:card\" content=\"summary_large_image\" \/>\n<meta name=\"twitter:label1\" content=\"Est. reading time\" \/>\n\t<meta name=\"twitter:data1\" content=\"2 minutit\" \/>\n<script type=\"application\/ld+json\" class=\"yoast-schema-graph\">{\"@context\":\"https:\/\/schema.org\",\"@graph\":[{\"@type\":\"WebPage\",\"@id\":\"https:\/\/old.yacht-challenge.com\/et\/mida-jahile-kaasa-votta\/\",\"url\":\"https:\/\/old.yacht-challenge.com\/et\/mida-jahile-kaasa-votta\/\",\"name\":\"Mida jahile kaasa v\u00f5tta. - International Yacht School. Yachting in Estonia.\",\"isPartOf\":{\"@id\":\"https:\/\/old.yacht-challenge.com\/et\/#website\"},\"primaryImageOfPage\":{\"@id\":\"https:\/\/old.yacht-challenge.com\/et\/mida-jahile-kaasa-votta\/#primaryimage\"},\"image\":{\"@id\":\"https:\/\/old.yacht-challenge.com\/et\/mida-jahile-kaasa-votta\/#primaryimage\"},\"thumbnailUrl\":\"https:\/\/yacht-challenge.com\/wp-content\/uploads\/2020\/06\/IMG_20190823_202311-1280x960.jpg\",\"datePublished\":\"2021-12-02T19:33:21+00:00\",\"dateModified\":\"2024-12-25T14:59:55+00:00\",\"breadcrumb\":{\"@id\":\"https:\/\/old.yacht-challenge.com\/et\/mida-jahile-kaasa-votta\/#breadcrumb\"},\"inLanguage\":\"et\",\"potentialAction\":[{\"@type\":\"ReadAction\",\"target\":[\"https:\/\/old.yacht-challenge.com\/et\/mida-jahile-kaasa-votta\/\"]}]},{\"@type\":\"ImageObject\",\"inLanguage\":\"et\",\"@id\":\"https:\/\/old.yacht-challenge.com\/et\/mida-jahile-kaasa-votta\/#primaryimage\",\"url\":\"https:\/\/yacht-challenge.com\/wp-content\/uploads\/2020\/06\/IMG_20190823_202311-1280x960.jpg\",\"contentUrl\":\"https:\/\/yacht-challenge.com\/wp-content\/uploads\/2020\/06\/IMG_20190823_202311-1280x960.jpg\"},{\"@type\":\"BreadcrumbList\",\"@id\":\"https:\/\/old.yacht-challenge.com\/et\/mida-jahile-kaasa-votta\/#breadcrumb\",\"itemListElement\":[{\"@type\":\"ListItem\",\"position\":1,\"name\":\"Home\",\"item\":\"https:\/\/old.yacht-challenge.com\/et\/\"},{\"@type\":\"ListItem\",\"position\":2,\"name\":\"Mida jahile kaasa v\u00f5tta.\"}]},{\"@type\":\"WebSite\",\"@id\":\"https:\/\/old.yacht-challenge.com\/et\/#website\",\"url\":\"https:\/\/old.yacht-challenge.com\/et\/\",\"name\":\"International Yacht School. Yachting in Estonia.\",\"description\":\"Great yachting all over the world. IYT certification. P\u00e4rnu Events. over 20 years of experience.\",\"publisher\":{\"@id\":\"https:\/\/old.yacht-challenge.com\/et\/#organization\"},\"potentialAction\":[{\"@type\":\"SearchAction\",\"target\":{\"@type\":\"EntryPoint\",\"urlTemplate\":\"https:\/\/old.yacht-challenge.com\/et\/?s={search_term_string}\"},\"query-input\":{\"@type\":\"PropertyValueSpecification\",\"valueRequired\":true,\"valueName\":\"search_term_string\"}}],\"inLanguage\":\"et\"},{\"@type\":\"Organization\",\"@id\":\"https:\/\/old.yacht-challenge.com\/et\/#organization\",\"name\":\"Yacht-challenge\",\"alternateName\":\"Yacht challenge O\u00dc\",\"url\":\"https:\/\/old.yacht-challenge.com\/et\/\",\"logo\":{\"@type\":\"ImageObject\",\"inLanguage\":\"et\",\"@id\":\"https:\/\/old.yacht-challenge.com\/et\/#\/schema\/logo\/image\/\",\"url\":\"https:\/\/old.yacht-challenge.com\/wp-content\/uploads\/2020\/02\/yacht-logo-iyt-icc-site.png\",\"contentUrl\":\"https:\/\/old.yacht-challenge.com\/wp-content\/uploads\/2020\/02\/yacht-logo-iyt-icc-site.png\",\"width\":350,\"height\":238,\"caption\":\"Yacht-challenge\"},\"image\":{\"@id\":\"https:\/\/old.yacht-challenge.com\/et\/#\/schema\/logo\/image\/\"}}]}<\/script>\n<!-- \/ Yoast SEO plugin. -->","yoast_head_json":{"title":"Mida jahile kaasa v\u00f5tta. - International Yacht School. Yachting in Estonia.","robots":{"index":"index","follow":"follow","max-snippet":"max-snippet:-1","max-image-preview":"max-image-preview:large","max-video-preview":"max-video-preview:-1"},"canonical":"https:\/\/old.yacht-challenge.com\/et\/mida-jahile-kaasa-votta\/","og_locale":"et_EE","og_type":"article","og_title":"Mida jahile kaasa v\u00f5tta. - International Yacht School. Yachting in Estonia.","og_description":"Mida jahile kaasa v\u00f5tta. Koht jahil on piiratud; kui v\u00f5imalik, \u00e4rge v\u00f5tke kaasa palju asju ja suuri kohvreid, eelistatavalt pehmeid kotte v\u00f5i seljakotte. L\u00c4\u00c4NEMERI, P\u00d5HJAmeri, ATLAND &#8211; Aastaringselt, VAHEMERI-s\u00fcgis, talv, kevad 2. Hea veekindel jope ja p\u00fcksid v\u00f5i midagi suusakost\u00fc\u00fcmi taolist. 3. P\u00e4ikeseprillid, p\u00e4ikesekreem (30-50 \u00fchikut), p\u00e4ikesekaitsekreem, ujumistrikoo 4. T-s\u00e4rgid p\u00e4evade arvu j\u00e4rgi, l\u00fchikesed p\u00fcksid, [&hellip;]","og_url":"https:\/\/old.yacht-challenge.com\/et\/mida-jahile-kaasa-votta\/","og_site_name":"International Yacht School. Yachting in Estonia.","article_modified_time":"2024-12-25T14:59:55+00:00","og_image":[{"url":"https:\/\/yacht-challenge.com\/wp-content\/uploads\/2020\/06\/IMG_20190823_202311-1280x960.jpg","type":"","width":"","height":""}],"twitter_card":"summary_large_image","twitter_misc":{"Est. reading time":"2 minutit"},"schema":{"@context":"https:\/\/schema.org","@graph":[{"@type":"WebPage","@id":"https:\/\/old.yacht-challenge.com\/et\/mida-jahile-kaasa-votta\/","url":"https:\/\/old.yacht-challenge.com\/et\/mida-jahile-kaasa-votta\/","name":"Mida jahile kaasa v\u00f5tta. - International Yacht School. Yachting in Estonia.","isPartOf":{"@id":"https:\/\/old.yacht-challenge.com\/et\/#website"},"primaryImageOfPage":{"@id":"https:\/\/old.yacht-challenge.com\/et\/mida-jahile-kaasa-votta\/#primaryimage"},"image":{"@id":"https:\/\/old.yacht-challenge.com\/et\/mida-jahile-kaasa-votta\/#primaryimage"},"thumbnailUrl":"https:\/\/yacht-challenge.com\/wp-content\/uploads\/2020\/06\/IMG_20190823_202311-1280x960.jpg","datePublished":"2021-12-02T19:33:21+00:00","dateModified":"2024-12-25T14:59:55+00:00","breadcrumb":{"@id":"https:\/\/old.yacht-challenge.com\/et\/mida-jahile-kaasa-votta\/#breadcrumb"},"inLanguage":"et","potentialAction":[{"@type":"ReadAction","target":["https:\/\/old.yacht-challenge.com\/et\/mida-jahile-kaasa-votta\/"]}]},{"@type":"ImageObject","inLanguage":"et","@id":"https:\/\/old.yacht-challenge.com\/et\/mida-jahile-kaasa-votta\/#primaryimage","url":"https:\/\/yacht-challenge.com\/wp-content\/uploads\/2020\/06\/IMG_20190823_202311-1280x960.jpg","contentUrl":"https:\/\/yacht-challenge.com\/wp-content\/uploads\/2020\/06\/IMG_20190823_202311-1280x960.jpg"},{"@type":"BreadcrumbList","@id":"https:\/\/old.yacht-challenge.com\/et\/mida-jahile-kaasa-votta\/#breadcrumb","itemListElement":[{"@type":"ListItem","position":1,"name":"Home","item":"https:\/\/old.yacht-challenge.com\/et\/"},{"@type":"ListItem","position":2,"name":"Mida jahile kaasa v\u00f5tta."}]},{"@type":"WebSite","@id":"https:\/\/old.yacht-challenge.com\/et\/#website","url":"https:\/\/old.yacht-challenge.com\/et\/","name":"International Yacht School. Yachting in Estonia.","description":"Great yachting all over the world. IYT certification. P\u00e4rnu Events. over 20 years of experience.","publisher":{"@id":"https:\/\/old.yacht-challenge.com\/et\/#organization"},"potentialAction":[{"@type":"SearchAction","target":{"@type":"EntryPoint","urlTemplate":"https:\/\/old.yacht-challenge.com\/et\/?s={search_term_string}"},"query-input":{"@type":"PropertyValueSpecification","valueRequired":true,"valueName":"search_term_string"}}],"inLanguage":"et"},{"@type":"Organization","@id":"https:\/\/old.yacht-challenge.com\/et\/#organization","name":"Yacht-challenge","alternateName":"Yacht challenge O\u00dc","url":"https:\/\/old.yacht-challenge.com\/et\/","logo":{"@type":"ImageObject","inLanguage":"et","@id":"https:\/\/old.yacht-challenge.com\/et\/#\/schema\/logo\/image\/","url":"https:\/\/old.yacht-challenge.com\/wp-content\/uploads\/2020\/02\/yacht-logo-iyt-icc-site.png","contentUrl":"https:\/\/old.yacht-challenge.com\/wp-content\/uploads\/2020\/02\/yacht-logo-iyt-icc-site.png","width":350,"height":238,"caption":"Yacht-challenge"},"image":{"@id":"https:\/\/old.yacht-challenge.com\/et\/#\/schema\/logo\/image\/"}}]}},"_links":{"self":[{"href":"https:\/\/old.yacht-challenge.com\/et\/wp-json\/wp\/v2\/pages\/24161","targetHints":{"allow":["GET"]}}],"collection":[{"href":"https:\/\/old.yacht-challenge.com\/et\/wp-json\/wp\/v2\/pages"}],"about":[{"href":"https:\/\/old.yacht-challenge.com\/et\/wp-json\/wp\/v2\/types\/page"}],"author":[{"embeddable":true,"href":"https:\/\/old.yacht-challenge.com\/et\/wp-json\/wp\/v2\/users\/1"}],"replies":[{"embeddable":true,"href":"https:\/\/old.yacht-challenge.com\/et\/wp-json\/wp\/v2\/comments?post=24161"}],"version-history":[{"count":7,"href":"https:\/\/old.yacht-challenge.com\/et\/wp-json\/wp\/v2\/pages\/24161\/revisions"}],"predecessor-version":[{"id":36276,"href":"https:\/\/old.yacht-challenge.com\/et\/wp-json\/wp\/v2\/pages\/24161\/revisions\/36276"}],"wp:attachment":[{"href":"https:\/\/old.yacht-challenge.com\/et\/wp-json\/wp\/v2\/media?parent=24161"}],"curies":[{"name":"wp","href":"https:\/\/api.w.org\/{rel}","templated":true}]}}