{"id":24020,"date":"2021-11-25T22:56:50","date_gmt":"2021-11-25T20:56:50","guid":{"rendered":"https:\/\/yacht-challenge.com\/planeerige-oma-reis\/"},"modified":"2024-12-27T18:40:39","modified_gmt":"2024-12-27T16:40:39","slug":"purjetamise-plaan","status":"publish","type":"page","link":"https:\/\/old.yacht-challenge.com\/et\/purjetamise-plaan\/","title":{"rendered":"Purjetamise plaan 2025"},"content":{"rendered":"\t\t<div data-elementor-type=\"wp-post\" data-elementor-id=\"24020\" class=\"elementor elementor-24020 elementor-1328\" data-elementor-post-type=\"page\">\n\t\t\t\t\t\t<section class=\"elementor-section elementor-top-section elementor-element elementor-element-52b2da47 elementor-section-stretched elementor-section-items-top elementor-section-content-top elementor-section-height-min-height elementor-section-boxed elementor-section-height-default\" data-id=\"52b2da47\" data-element_type=\"section\" data-settings=\"{&quot;stretch_section&quot;:&quot;section-stretched&quot;,&quot;background_background&quot;:&quot;classic&quot;}\">\n\t\t\t\t\t\t\t<div class=\"elementor-background-overlay\"><\/div>\n\t\t\t\t\t\t\t<div class=\"elementor-container elementor-column-gap-no\">\n\t\t\t\t\t<div class=\"elementor-column elementor-col-100 elementor-top-column elementor-element elementor-element-352f1775\" data-id=\"352f1775\" data-element_type=\"column\" data-settings=\"{&quot;background_background&quot;:&quot;classic&quot;}\">\n\t\t\t<div class=\"elementor-widget-wrap elementor-element-populated\">\n\t\t\t\t\t\t<div class=\"elementor-element elementor-element-274e0b2c elementor-widget elementor-widget-heading\" data-id=\"274e0b2c\" data-element_type=\"widget\" data-widget_type=\"heading.default\">\n\t\t\t\t<div class=\"elementor-widget-container\">\n\t\t\t\t\t<h1 class=\"elementor-heading-title elementor-size-large\">Jahikoolitused ja kruiisid 2025<\/h1>\t\t\t\t<\/div>\n\t\t\t\t<\/div>\n\t\t\t\t\t<\/div>\n\t\t<\/div>\n\t\t\t\t\t<\/div>\n\t\t<\/section>\n\t\t\t\t<section class=\"elementor-section elementor-top-section elementor-element elementor-element-53ea2340 elementor-section-height-min-height elementor-section-content-space-between elementor-section-stretched elementor-section-boxed elementor-section-height-default elementor-section-items-middle\" data-id=\"53ea2340\" data-element_type=\"section\" data-settings=\"{&quot;background_background&quot;:&quot;classic&quot;,&quot;stretch_section&quot;:&quot;section-stretched&quot;}\">\n\t\t\t\t\t\t\t<div class=\"elementor-background-overlay\"><\/div>\n\t\t\t\t\t\t\t<div class=\"elementor-container elementor-column-gap-default\">\n\t\t\t\t\t<div class=\"elementor-column elementor-col-100 elementor-top-column elementor-element elementor-element-76c3d35\" data-id=\"76c3d35\" data-element_type=\"column\">\n\t\t\t<div class=\"elementor-widget-wrap\">\n\t\t\t\t\t\t\t<\/div>\n\t\t<\/div>\n\t\t\t\t\t<\/div>\n\t\t<\/section>\n\t\t\t\t<section class=\"elementor-section elementor-top-section elementor-element elementor-element-570c52e9 elementor-section-content-space-evenly elementor-section-stretched elementor-section-boxed elementor-section-height-default elementor-section-height-default\" data-id=\"570c52e9\" data-element_type=\"section\" data-settings=\"{&quot;background_background&quot;:&quot;classic&quot;,&quot;stretch_section&quot;:&quot;section-stretched&quot;}\">\n\t\t\t\t\t\t<div class=\"elementor-container elementor-column-gap-wider\">\n\t\t\t\t\t<div class=\"elementor-column elementor-col-50 elementor-top-column elementor-element elementor-element-237edf96\" data-id=\"237edf96\" data-element_type=\"column\">\n\t\t\t<div class=\"elementor-widget-wrap elementor-element-populated\">\n\t\t\t\t\t\t<div class=\"elementor-element elementor-element-874297f elementor-widget elementor-widget-heading\" data-id=\"874297f\" data-element_type=\"widget\" data-widget_type=\"heading.default\">\n\t\t\t\t<div class=\"elementor-widget-container\">\n\t\t\t\t\t<h2 class=\"elementor-heading-title elementor-size-default\">We help you design the life you want!<\/h2>\t\t\t\t<\/div>\n\t\t\t\t<\/div>\n\t\t\t\t\t<\/div>\n\t\t<\/div>\n\t\t\t\t<div class=\"elementor-column elementor-col-50 elementor-top-column elementor-element elementor-element-46b6b96e\" data-id=\"46b6b96e\" data-element_type=\"column\">\n\t\t\t<div class=\"elementor-widget-wrap elementor-element-populated\">\n\t\t\t\t\t\t<div class=\"elementor-element elementor-element-558bccbb elementor-widget elementor-widget-heading\" data-id=\"558bccbb\" data-element_type=\"widget\" data-widget_type=\"heading.default\">\n\t\t\t\t<div class=\"elementor-widget-container\">\n\t\t\t\t\t<h2 class=\"elementor-heading-title elementor-size-default\">JAHIS\u00d5IT, T\u00dcDRUKUTE\u00d5HTU JAHIL, FIRMA\u00dcRITUS, S\u00dcNNIP\u00c4EV, P\u00c4IKESELOOJANG P\u00c4RNU LAHEL!<\/h2>\t\t\t\t<\/div>\n\t\t\t\t<\/div>\n\t\t\t\t\t<\/div>\n\t\t<\/div>\n\t\t\t\t\t<\/div>\n\t\t<\/section>\n\t\t\t\t<section class=\"elementor-section elementor-top-section elementor-element elementor-element-2e11cf10 elementor-section-content-middle elementor-section-stretched elementor-reverse-mobile elementor-section-boxed elementor-section-height-default elementor-section-height-default\" data-id=\"2e11cf10\" data-element_type=\"section\" data-settings=\"{&quot;background_background&quot;:&quot;classic&quot;,&quot;stretch_section&quot;:&quot;section-stretched&quot;}\">\n\t\t\t\t\t\t<div class=\"elementor-container elementor-column-gap-wider\">\n\t\t\t\t\t<div class=\"elementor-column elementor-col-100 elementor-top-column elementor-element elementor-element-57858414\" data-id=\"57858414\" data-element_type=\"column\">\n\t\t\t<div class=\"elementor-widget-wrap elementor-element-populated\">\n\t\t\t\t\t\t<div class=\"elementor-element elementor-element-72e277d1 elementor-widget elementor-widget-heading\" data-id=\"72e277d1\" data-element_type=\"widget\" data-widget_type=\"heading.default\">\n\t\t\t\t<div class=\"elementor-widget-container\">\n\t\t\t\t\t<h1 class=\"elementor-heading-title elementor-size-large\">Yacht Challenge jahtkool on IYT (International Yacht Training) ametlik litsentseeritud partner, olemas on ka Euroopa ICC sertifikaat!<\/h1>\t\t\t\t<\/div>\n\t\t\t\t<\/div>\n\t\t\t\t\t<\/div>\n\t\t<\/div>\n\t\t\t\t\t<\/div>\n\t\t<\/section>\n\t\t\t\t<section class=\"elementor-section elementor-top-section elementor-element elementor-element-63a75ac elementor-section-content-middle elementor-section-stretched elementor-reverse-mobile elementor-section-boxed elementor-section-height-default elementor-section-height-default\" data-id=\"63a75ac\" data-element_type=\"section\" data-settings=\"{&quot;stretch_section&quot;:&quot;section-stretched&quot;,&quot;background_background&quot;:&quot;classic&quot;}\">\n\t\t\t\t\t\t<div class=\"elementor-container elementor-column-gap-wider\">\n\t\t\t\t\t<div class=\"elementor-column elementor-col-50 elementor-top-column elementor-element elementor-element-593a95e\" data-id=\"593a95e\" data-element_type=\"column\">\n\t\t\t<div class=\"elementor-widget-wrap elementor-element-populated\">\n\t\t\t\t\t\t<div class=\"elementor-element elementor-element-0d92156 elementor-widget elementor-widget-text-editor\" data-id=\"0d92156\" data-element_type=\"widget\" data-widget_type=\"text-editor.default\">\n\t\t\t\t<div class=\"elementor-widget-container\">\n\t\t\t\t\t\t\t\t\t<p>Meie lehtedelt <a href=\"https:\/\/yacht-challenge.com\/et\/plaan-2022\/\"><strong><span style=\"color: #ff0000;\">Jahikoolitused 2025,\u00a0<\/span><\/strong><\/a> <a href=\"https:\/\/yacht-challenge.com\/et\/purjereisid\/\"><strong><span style=\"color: #0000ff;\">Purjereisid<\/span> <\/strong><\/a>ja <span style=\"color: #0000ff;\"><a style=\"color: #0000ff;\" href=\"https:\/\/yacht-challenge.com\/et\/seiklusreisid\/\"><strong>Seiklusreisid<\/strong><\/a><\/span> <a href=\"https:\/\/yacht-challenge.com\/et\/kruiisid-puhkus-ja-seiklused\/\">leiate<\/a> erinevaid tegevusi: purjetamine t\u00e4iskasvanutele, purjetamise kursused ja algkursused, koolitused, regatid t\u00e4iskasvanutele ja lastele, puhke- ja seikluskruiisid ja ringreisid, pikad l\u00f5igud meremiilide kogumiseks ja marsruudid rahulikuks puhkuseks, et nautida loodust, kultuuri ja kohalikku k\u00f6\u00f6ki.<\/p>\n\t\t\t\t\t\t\t\t<\/div>\n\t\t\t\t<\/div>\n\t\t\t\t\t<\/div>\n\t\t<\/div>\n\t\t\t\t<div class=\"elementor-column elementor-col-50 elementor-top-column elementor-element elementor-element-6d68aaa\" data-id=\"6d68aaa\" data-element_type=\"column\">\n\t\t\t<div class=\"elementor-widget-wrap elementor-element-populated\">\n\t\t\t\t\t\t<div class=\"elementor-element elementor-element-33dc784 elementor-widget elementor-widget-text-editor\" data-id=\"33dc784\" data-element_type=\"widget\" data-widget_type=\"text-editor.default\">\n\t\t\t\t<div class=\"elementor-widget-container\">\n\t\t\t\t\t\t\t\t\t<p>Samuti v\u00f5id teha oma plaani \u2013 <a href=\"https:\/\/yacht-challenge.com\/et\/jahi-rent\/\"><strong><span style=\"color: #0000ff;\">rentida jaht<\/span><\/strong><\/a> igal pool koos kapteniga v\u00f5i ilma v\u00f5i k\u00fclastada meie hubast ja mugavat jahi P\u00e4rnus, et teha koolitus, \u00fcritus v\u00f5i jahi s\u00f5ita paariks tunniks lihtsalt selleks, et vaadake meie unustamatut p\u00e4ikeseloojangut.<\/p>\n\t\t\t\t\t\t\t\t<\/div>\n\t\t\t\t<\/div>\n\t\t\t\t\t<\/div>\n\t\t<\/div>\n\t\t\t\t\t<\/div>\n\t\t<\/section>\n\t\t\t\t<\/div>\n\t\t","protected":false},"excerpt":{"rendered":"<p>Jahikoolitused ja kruiisid 2025 We help you design the life you want! JAHIS\u00d5IT, T\u00dcDRUKUTE\u00d5HTU JAHIL, FIRMA\u00dcRITUS, S\u00dcNNIP\u00c4EV, P\u00c4IKESELOOJANG P\u00c4RNU LAHEL! Yacht Challenge jahtkool on IYT (International Yacht Training) ametlik litsentseeritud partner, olemas on ka Euroopa ICC sertifikaat! Meie lehtedelt Jahikoolitused 2025,\u00a0 Purjereisid ja Seiklusreisid leiate erinevaid tegevusi: purjetamine t\u00e4iskasvanutele, purjetamise kursused ja algkursused, koolitused, regatid [&hellip;]<\/p>\n","protected":false},"author":1,"featured_media":0,"parent":0,"menu_order":0,"comment_status":"closed","ping_status":"closed","template":"","meta":{"ub_ctt_via":"","ocean_post_layout":"full-screen","ocean_both_sidebars_style":"","ocean_both_sidebars_content_width":0,"ocean_both_sidebars_sidebars_width":0,"ocean_sidebar":"sidebar-2","ocean_second_sidebar":"0","ocean_disable_margins":"enable","ocean_add_body_class":"","ocean_shortcode_before_top_bar":"","ocean_shortcode_after_top_bar":"","ocean_shortcode_before_header":"","ocean_shortcode_after_header":"","ocean_has_shortcode":"","ocean_shortcode_after_title":"","ocean_shortcode_before_footer_widgets":"","ocean_shortcode_after_footer_widgets":"","ocean_shortcode_before_footer_bottom":"","ocean_shortcode_after_footer_bottom":"","ocean_display_top_bar":"default","ocean_display_header":"default","ocean_header_style":"","ocean_center_header_left_menu":"0","ocean_custom_header_template":"0","ocean_custom_logo":0,"ocean_custom_retina_logo":0,"ocean_custom_logo_max_width":0,"ocean_custom_logo_tablet_max_width":0,"ocean_custom_logo_mobile_max_width":0,"ocean_custom_logo_max_height":0,"ocean_custom_logo_tablet_max_height":0,"ocean_custom_logo_mobile_max_height":0,"ocean_header_custom_menu":"0","ocean_menu_typo_font_family":"0","ocean_menu_typo_font_subset":"","ocean_menu_typo_font_size":0,"ocean_menu_typo_font_size_tablet":0,"ocean_menu_typo_font_size_mobile":0,"ocean_menu_typo_font_size_unit":"px","ocean_menu_typo_font_weight":"","ocean_menu_typo_font_weight_tablet":"","ocean_menu_typo_font_weight_mobile":"","ocean_menu_typo_transform":"","ocean_menu_typo_transform_tablet":"","ocean_menu_typo_transform_mobile":"","ocean_menu_typo_line_height":0,"ocean_menu_typo_line_height_tablet":0,"ocean_menu_typo_line_height_mobile":0,"ocean_menu_typo_line_height_unit":"","ocean_menu_typo_spacing":0,"ocean_menu_typo_spacing_tablet":0,"ocean_menu_typo_spacing_mobile":0,"ocean_menu_typo_spacing_unit":"","ocean_menu_link_color":"","ocean_menu_link_color_hover":"","ocean_menu_link_color_active":"","ocean_menu_link_background":"","ocean_menu_link_hover_background":"","ocean_menu_link_active_background":"","ocean_menu_social_links_bg":"","ocean_menu_social_hover_links_bg":"","ocean_menu_social_links_color":"","ocean_menu_social_hover_links_color":"","ocean_disable_title":"default","ocean_disable_heading":"default","ocean_post_title":"","ocean_post_subheading":"","ocean_post_title_style":"","ocean_post_title_background_color":"","ocean_post_title_background":0,"ocean_post_title_bg_image_position":"","ocean_post_title_bg_image_attachment":"","ocean_post_title_bg_image_repeat":"","ocean_post_title_bg_image_size":"","ocean_post_title_height":0,"ocean_post_title_bg_overlay":0.5,"ocean_post_title_bg_overlay_color":"","ocean_disable_breadcrumbs":"default","ocean_breadcrumbs_color":"","ocean_breadcrumbs_separator_color":"","ocean_breadcrumbs_links_color":"","ocean_breadcrumbs_links_hover_color":"","ocean_display_footer_widgets":"default","ocean_display_footer_bottom":"default","ocean_custom_footer_template":"0","footnotes":""},"class_list":["post-24020","page","type-page","status-publish","hentry","entry"],"featured_image_src":null,"yoast_head":"<!-- This site is optimized with the Yoast SEO plugin v24.2 - https:\/\/yoast.com\/wordpress\/plugins\/seo\/ -->\n<title>Purjetamise plaan 2025 - International Yacht School. Yachting in Estonia.<\/title>\n<meta name=\"robots\" content=\"index, follow, max-snippet:-1, max-image-preview:large, max-video-preview:-1\" \/>\n<link rel=\"canonical\" href=\"https:\/\/old.yacht-challenge.com\/et\/purjetamise-plaan\/\" \/>\n<meta property=\"og:locale\" content=\"et_EE\" \/>\n<meta property=\"og:type\" content=\"article\" \/>\n<meta property=\"og:title\" content=\"Purjetamise plaan 2025 - International Yacht School. Yachting in Estonia.\" \/>\n<meta property=\"og:description\" content=\"Jahikoolitused ja kruiisid 2025 We help you design the life you want! JAHIS\u00d5IT, T\u00dcDRUKUTE\u00d5HTU JAHIL, FIRMA\u00dcRITUS, S\u00dcNNIP\u00c4EV, P\u00c4IKESELOOJANG P\u00c4RNU LAHEL! Yacht Challenge jahtkool on IYT (International Yacht Training) ametlik litsentseeritud partner, olemas on ka Euroopa ICC sertifikaat! Meie lehtedelt Jahikoolitused 2025,\u00a0 Purjereisid ja Seiklusreisid leiate erinevaid tegevusi: purjetamine t\u00e4iskasvanutele, purjetamise kursused ja algkursused, koolitused, regatid [&hellip;]\" \/>\n<meta property=\"og:url\" content=\"https:\/\/old.yacht-challenge.com\/et\/purjetamise-plaan\/\" \/>\n<meta property=\"og:site_name\" content=\"International Yacht School. Yachting in Estonia.\" \/>\n<meta property=\"article:modified_time\" content=\"2024-12-27T16:40:39+00:00\" \/>\n<meta name=\"twitter:card\" content=\"summary_large_image\" \/>\n<meta name=\"twitter:label1\" content=\"Est. reading time\" \/>\n\t<meta name=\"twitter:data1\" content=\"4 minutit\" \/>\n<script type=\"application\/ld+json\" class=\"yoast-schema-graph\">{\"@context\":\"https:\/\/schema.org\",\"@graph\":[{\"@type\":\"WebPage\",\"@id\":\"https:\/\/old.yacht-challenge.com\/et\/purjetamise-plaan\/\",\"url\":\"https:\/\/old.yacht-challenge.com\/et\/purjetamise-plaan\/\",\"name\":\"Purjetamise plaan 2025 - International Yacht School. Yachting in Estonia.\",\"isPartOf\":{\"@id\":\"https:\/\/old.yacht-challenge.com\/et\/#website\"},\"datePublished\":\"2021-11-25T20:56:50+00:00\",\"dateModified\":\"2024-12-27T16:40:39+00:00\",\"breadcrumb\":{\"@id\":\"https:\/\/old.yacht-challenge.com\/et\/purjetamise-plaan\/#breadcrumb\"},\"inLanguage\":\"et\",\"potentialAction\":[{\"@type\":\"ReadAction\",\"target\":[\"https:\/\/old.yacht-challenge.com\/et\/purjetamise-plaan\/\"]}]},{\"@type\":\"BreadcrumbList\",\"@id\":\"https:\/\/old.yacht-challenge.com\/et\/purjetamise-plaan\/#breadcrumb\",\"itemListElement\":[{\"@type\":\"ListItem\",\"position\":1,\"name\":\"Home\",\"item\":\"https:\/\/old.yacht-challenge.com\/et\/\"},{\"@type\":\"ListItem\",\"position\":2,\"name\":\"Purjetamise plaan 2025\"}]},{\"@type\":\"WebSite\",\"@id\":\"https:\/\/old.yacht-challenge.com\/et\/#website\",\"url\":\"https:\/\/old.yacht-challenge.com\/et\/\",\"name\":\"International Yacht School. Yachting in Estonia.\",\"description\":\"Great yachting all over the world. IYT certification. P\u00e4rnu Events. over 20 years of experience.\",\"publisher\":{\"@id\":\"https:\/\/old.yacht-challenge.com\/et\/#organization\"},\"potentialAction\":[{\"@type\":\"SearchAction\",\"target\":{\"@type\":\"EntryPoint\",\"urlTemplate\":\"https:\/\/old.yacht-challenge.com\/et\/?s={search_term_string}\"},\"query-input\":{\"@type\":\"PropertyValueSpecification\",\"valueRequired\":true,\"valueName\":\"search_term_string\"}}],\"inLanguage\":\"et\"},{\"@type\":\"Organization\",\"@id\":\"https:\/\/old.yacht-challenge.com\/et\/#organization\",\"name\":\"Yacht-challenge\",\"alternateName\":\"Yacht challenge O\u00dc\",\"url\":\"https:\/\/old.yacht-challenge.com\/et\/\",\"logo\":{\"@type\":\"ImageObject\",\"inLanguage\":\"et\",\"@id\":\"https:\/\/old.yacht-challenge.com\/et\/#\/schema\/logo\/image\/\",\"url\":\"https:\/\/old.yacht-challenge.com\/wp-content\/uploads\/2020\/02\/yacht-logo-iyt-icc-site.png\",\"contentUrl\":\"https:\/\/old.yacht-challenge.com\/wp-content\/uploads\/2020\/02\/yacht-logo-iyt-icc-site.png\",\"width\":350,\"height\":238,\"caption\":\"Yacht-challenge\"},\"image\":{\"@id\":\"https:\/\/old.yacht-challenge.com\/et\/#\/schema\/logo\/image\/\"}}]}<\/script>\n<!-- \/ Yoast SEO plugin. -->","yoast_head_json":{"title":"Purjetamise plaan 2025 - International Yacht School. Yachting in Estonia.","robots":{"index":"index","follow":"follow","max-snippet":"max-snippet:-1","max-image-preview":"max-image-preview:large","max-video-preview":"max-video-preview:-1"},"canonical":"https:\/\/old.yacht-challenge.com\/et\/purjetamise-plaan\/","og_locale":"et_EE","og_type":"article","og_title":"Purjetamise plaan 2025 - International Yacht School. Yachting in Estonia.","og_description":"Jahikoolitused ja kruiisid 2025 We help you design the life you want! JAHIS\u00d5IT, T\u00dcDRUKUTE\u00d5HTU JAHIL, FIRMA\u00dcRITUS, S\u00dcNNIP\u00c4EV, P\u00c4IKESELOOJANG P\u00c4RNU LAHEL! Yacht Challenge jahtkool on IYT (International Yacht Training) ametlik litsentseeritud partner, olemas on ka Euroopa ICC sertifikaat! Meie lehtedelt Jahikoolitused 2025,\u00a0 Purjereisid ja Seiklusreisid leiate erinevaid tegevusi: purjetamine t\u00e4iskasvanutele, purjetamise kursused ja algkursused, koolitused, regatid [&hellip;]","og_url":"https:\/\/old.yacht-challenge.com\/et\/purjetamise-plaan\/","og_site_name":"International Yacht School. Yachting in Estonia.","article_modified_time":"2024-12-27T16:40:39+00:00","twitter_card":"summary_large_image","twitter_misc":{"Est. reading time":"4 minutit"},"schema":{"@context":"https:\/\/schema.org","@graph":[{"@type":"WebPage","@id":"https:\/\/old.yacht-challenge.com\/et\/purjetamise-plaan\/","url":"https:\/\/old.yacht-challenge.com\/et\/purjetamise-plaan\/","name":"Purjetamise plaan 2025 - International Yacht School. Yachting in Estonia.","isPartOf":{"@id":"https:\/\/old.yacht-challenge.com\/et\/#website"},"datePublished":"2021-11-25T20:56:50+00:00","dateModified":"2024-12-27T16:40:39+00:00","breadcrumb":{"@id":"https:\/\/old.yacht-challenge.com\/et\/purjetamise-plaan\/#breadcrumb"},"inLanguage":"et","potentialAction":[{"@type":"ReadAction","target":["https:\/\/old.yacht-challenge.com\/et\/purjetamise-plaan\/"]}]},{"@type":"BreadcrumbList","@id":"https:\/\/old.yacht-challenge.com\/et\/purjetamise-plaan\/#breadcrumb","itemListElement":[{"@type":"ListItem","position":1,"name":"Home","item":"https:\/\/old.yacht-challenge.com\/et\/"},{"@type":"ListItem","position":2,"name":"Purjetamise plaan 2025"}]},{"@type":"WebSite","@id":"https:\/\/old.yacht-challenge.com\/et\/#website","url":"https:\/\/old.yacht-challenge.com\/et\/","name":"International Yacht School. Yachting in Estonia.","description":"Great yachting all over the world. IYT certification. P\u00e4rnu Events. over 20 years of experience.","publisher":{"@id":"https:\/\/old.yacht-challenge.com\/et\/#organization"},"potentialAction":[{"@type":"SearchAction","target":{"@type":"EntryPoint","urlTemplate":"https:\/\/old.yacht-challenge.com\/et\/?s={search_term_string}"},"query-input":{"@type":"PropertyValueSpecification","valueRequired":true,"valueName":"search_term_string"}}],"inLanguage":"et"},{"@type":"Organization","@id":"https:\/\/old.yacht-challenge.com\/et\/#organization","name":"Yacht-challenge","alternateName":"Yacht challenge O\u00dc","url":"https:\/\/old.yacht-challenge.com\/et\/","logo":{"@type":"ImageObject","inLanguage":"et","@id":"https:\/\/old.yacht-challenge.com\/et\/#\/schema\/logo\/image\/","url":"https:\/\/old.yacht-challenge.com\/wp-content\/uploads\/2020\/02\/yacht-logo-iyt-icc-site.png","contentUrl":"https:\/\/old.yacht-challenge.com\/wp-content\/uploads\/2020\/02\/yacht-logo-iyt-icc-site.png","width":350,"height":238,"caption":"Yacht-challenge"},"image":{"@id":"https:\/\/old.yacht-challenge.com\/et\/#\/schema\/logo\/image\/"}}]}},"_links":{"self":[{"href":"https:\/\/old.yacht-challenge.com\/et\/wp-json\/wp\/v2\/pages\/24020","targetHints":{"allow":["GET"]}}],"collection":[{"href":"https:\/\/old.yacht-challenge.com\/et\/wp-json\/wp\/v2\/pages"}],"about":[{"href":"https:\/\/old.yacht-challenge.com\/et\/wp-json\/wp\/v2\/types\/page"}],"author":[{"embeddable":true,"href":"https:\/\/old.yacht-challenge.com\/et\/wp-json\/wp\/v2\/users\/1"}],"replies":[{"embeddable":true,"href":"https:\/\/old.yacht-challenge.com\/et\/wp-json\/wp\/v2\/comments?post=24020"}],"version-history":[{"count":25,"href":"https:\/\/old.yacht-challenge.com\/et\/wp-json\/wp\/v2\/pages\/24020\/revisions"}],"predecessor-version":[{"id":36583,"href":"https:\/\/old.yacht-challenge.com\/et\/wp-json\/wp\/v2\/pages\/24020\/revisions\/36583"}],"wp:attachment":[{"href":"https:\/\/old.yacht-challenge.com\/et\/wp-json\/wp\/v2\/media?parent=24020"}],"curies":[{"name":"wp","href":"https:\/\/api.w.org\/{rel}","templated":true}]}}