{"id":23707,"date":"2021-11-23T18:15:01","date_gmt":"2021-11-23T16:15:01","guid":{"rendered":"https:\/\/yacht-challenge.com\/jahi-omanik\/"},"modified":"2025-01-13T19:53:11","modified_gmt":"2025-01-13T17:53:11","slug":"purjetamine-sportlik","status":"publish","type":"page","link":"https:\/\/old.yacht-challenge.com\/et\/purjetamine-sportlik\/","title":{"rendered":"Regati purjetamise koolitus"},"content":{"rendered":"\n<h2 class=\"wp-block-heading has-text-align-center\" id=\"own-boat-skipper-training\">Regati purjetamise koolitus &#8211; V\u00d5IDUS\u00d5IDUS\u00d5IDUKOOL <\/h2>\n\n<div class=\"wp-block-columns is-layout-flex wp-container-core-columns-is-layout-1 wp-block-columns-is-layout-flex\">\n<div class=\"wp-block-column is-layout-flow wp-block-column-is-layout-flow\" style=\"flex-basis:33.33%\">\n<figure class=\"wp-block-image size-full\"><img fetchpriority=\"high\" decoding=\"async\" width=\"367\" height=\"271\" src=\"https:\/\/yacht-challenge.com\/wp-content\/uploads\/2021\/12\/bareboat_page_02m.jpg\" alt=\"\" class=\"wp-image-24552\"\/><\/figure>\n<\/div>\n\n\n\n<div class=\"wp-block-column is-layout-flow wp-block-column-is-layout-flow\" style=\"flex-basis:66.66%\">\n<p>Kutsume Teid P\u00e4rnu jahtklubisse liituma v\u00f5istlusgrupiga, et lihvida oma purjetamisoskusi, \u00f5ppida spinnakeri v\u00f5i gennakeri kasutamist ning tutvuda regatipurjetamisega.<\/p>\n\n\n\n<p>&#8211; Sinu asukoht paadis, kallutamine<\/p>\n\n\n\n<p>&#8211; Meeskonna juhtimine<\/p>\n\n\n\n<p>&#8211; Mereelektroonika kasutamine<\/p>\n\n\n\n<ul class=\"wp-block-list\">\n<li>&#8211; Tuule vaatlemine ja anal\u00fc\u00fcs<\/li>\n\n\n\n<li>&#8211; Purjede trimm<\/li>\n\n\n\n<li>&#8211; Paut ja halss<\/li>\n\n\n\n<li>&#8211; Spinnaker v\u00f5i gennaker ja sellega purjetamine<\/li>\n\n\n\n<li>&#8211; V\u00f5istlemine, protseduurid, p\u00f5hilised v\u00f5istlusreeglid (start, p\u00f6\u00f6rdem\u00e4rgi juures, finish)<\/li>\n\n\n\n<li>Mees \u00fcle parda purjede all<\/li>\n\n\n\n<li>V\u00e4ikesel v\u00f5idus\u00f5idupaadil sildumine ja v\u00e4ljumine<\/li>\n<\/ul>\n\n\n\n<p><\/p>\n<\/div>\n<\/div>\n\n<p class=\"has-text-align-center\">Hind: \u20ac225\/inimene (3 x 3 tundi), Jahis lisaks kaptenile 4-6 inimest<\/p>\n\n<p>Kas teil on k\u00fcsimusi v\u00f5i olete valmis sellel kursusel osalema?<\/p>\n\n<p>V\u00f5tke meiega julgelt \u00fchendust, t\u00e4ites j\u00e4rgmise vormi v\u00f5i v\u00f5tke meiega \u00fchendust meie kontaktide lehe kaudu.<\/p>\n\t\t<div data-elementor-type=\"section\" data-elementor-id=\"34827\" class=\"elementor elementor-34827 elementor-34815\" data-elementor-post-type=\"elementor_library\">\n\t\t\t\t\t<section class=\"elementor-section elementor-inner-section elementor-element elementor-element-602a8e0d elementor-section-height-min-height elementor-section-content-middle elementor-section-boxed elementor-section-height-default\" data-id=\"602a8e0d\" data-element_type=\"section\" data-settings=\"{&quot;background_background&quot;:&quot;classic&quot;}\">\n\t\t\t\t\t\t<div class=\"elementor-container elementor-column-gap-no\">\n\t\t\t\t\t<div class=\"elementor-column elementor-col-100 elementor-inner-column elementor-element elementor-element-3c9370ff\" data-id=\"3c9370ff\" data-element_type=\"column\">\n\t\t\t<div class=\"elementor-widget-wrap elementor-element-populated\">\n\t\t\t\t\t\t<div class=\"elementor-element elementor-element-56aa84cd elementor-button-align-stretch elementor-widget elementor-widget-form\" data-id=\"56aa84cd\" data-element_type=\"widget\" data-settings=\"{&quot;step_next_label&quot;:&quot;Next&quot;,&quot;step_previous_label&quot;:&quot;Previous&quot;,&quot;button_width&quot;:&quot;100&quot;,&quot;step_type&quot;:&quot;number_text&quot;,&quot;step_icon_shape&quot;:&quot;circle&quot;}\" data-widget_type=\"form.default\">\n\t\t\t\t<div class=\"elementor-widget-container\">\n\t\t\t\t\t\t\t<form class=\"elementor-form\" method=\"post\" name=\"Generic Contact Form\">\n\t\t\t<input type=\"hidden\" name=\"post_id\" value=\"34827\"\/>\n\t\t\t<input type=\"hidden\" name=\"form_id\" value=\"56aa84cd\"\/>\n\t\t\t<input type=\"hidden\" name=\"referer_title\" value=\"International Yacht School. Yachting in Estonia.\" \/>\n\n\t\t\t\n\t\t\t<div class=\"elementor-form-fields-wrapper elementor-labels-above\">\n\t\t\t\t\t\t\t\t<div class=\"elementor-field-type-text elementor-field-group elementor-column elementor-field-group-name elementor-col-100\">\n\t\t\t\t\t\t\t\t\t\t\t\t<label for=\"form-field-name\" class=\"elementor-field-label\">\n\t\t\t\t\t\t\t\tNimi\t\t\t\t\t\t\t<\/label>\n\t\t\t\t\t\t\t\t\t\t\t\t\t\t<input size=\"1\" type=\"text\" name=\"form_fields[name]\" id=\"form-field-name\" class=\"elementor-field elementor-size-sm  elementor-field-textual\" placeholder=\"Nimi\">\n\t\t\t\t\t\t\t\t\t\t\t<\/div>\n\t\t\t\t\t\t\t\t<div class=\"elementor-field-type-email elementor-field-group elementor-column elementor-field-group-email elementor-col-100 elementor-field-required\">\n\t\t\t\t\t\t\t\t\t\t\t\t<label for=\"form-field-email\" class=\"elementor-field-label\">\n\t\t\t\t\t\t\t\tEmail\t\t\t\t\t\t\t<\/label>\n\t\t\t\t\t\t\t\t\t\t\t\t\t\t<input size=\"1\" type=\"email\" name=\"form_fields[email]\" id=\"form-field-email\" class=\"elementor-field elementor-size-sm  elementor-field-textual\" placeholder=\"Email\" required=\"required\" aria-required=\"true\">\n\t\t\t\t\t\t\t\t\t\t\t<\/div>\n\t\t\t\t\t\t\t\t<div class=\"elementor-field-type-textarea elementor-field-group elementor-column elementor-field-group-message elementor-col-100\">\n\t\t\t\t\t\t\t\t\t\t\t\t<label for=\"form-field-message\" class=\"elementor-field-label\">\n\t\t\t\t\t\t\t\tS\u00f5num\t\t\t\t\t\t\t<\/label>\n\t\t\t\t\t\t<textarea class=\"elementor-field-textual elementor-field  elementor-size-sm\" name=\"form_fields[message]\" id=\"form-field-message\" rows=\"4\" placeholder=\"S\u00f5num\"><\/textarea>\t\t\t\t<\/div>\n\t\t\t\t\t\t\t\t<div class=\"elementor-field-group elementor-column elementor-field-type-submit elementor-col-100 e-form__buttons\">\n\t\t\t\t\t<button class=\"elementor-button elementor-size-sm\" type=\"submit\" id=\"book_send1-id\">\n\t\t\t\t\t\t<span class=\"elementor-button-content-wrapper\">\n\t\t\t\t\t\t\t\t\t\t\t\t\t\t\t\t\t\t\t\t\t\t<span class=\"elementor-button-text\">Saada<\/span>\n\t\t\t\t\t\t\t\t\t\t\t\t\t<\/span>\n\t\t\t\t\t<\/button>\n\t\t\t\t<\/div>\n\t\t\t<\/div>\n\t\t<\/form>\n\t\t\t\t\t\t<\/div>\n\t\t\t\t<\/div>\n\t\t\t\t\t<\/div>\n\t\t<\/div>\n\t\t\t\t\t<\/div>\n\t\t<\/section>\n\t\t\t\t<\/div>\n\t\t\n\n<p><\/p>\n","protected":false},"excerpt":{"rendered":"<p>Regati purjetamise koolitus &#8211; V\u00d5IDUS\u00d5IDUS\u00d5IDUKOOL Kutsume Teid P\u00e4rnu jahtklubisse liituma v\u00f5istlusgrupiga, et lihvida oma purjetamisoskusi, \u00f5ppida spinnakeri v\u00f5i gennakeri kasutamist ning tutvuda regatipurjetamisega. &#8211; Sinu asukoht paadis, kallutamine &#8211; Meeskonna juhtimine &#8211; Mereelektroonika kasutamine Hind: \u20ac225\/inimene (3 x 3 tundi), Jahis lisaks kaptenile 4-6 inimest Kas teil on k\u00fcsimusi v\u00f5i olete valmis sellel kursusel osalema? [&hellip;]<\/p>\n","protected":false},"author":1,"featured_media":0,"parent":0,"menu_order":0,"comment_status":"closed","ping_status":"closed","template":"","meta":{"ub_ctt_via":"","ocean_post_layout":"full-width","ocean_both_sidebars_style":"","ocean_both_sidebars_content_width":0,"ocean_both_sidebars_sidebars_width":0,"ocean_sidebar":"0","ocean_second_sidebar":"0","ocean_disable_margins":"enable","ocean_add_body_class":"","ocean_shortcode_before_top_bar":"","ocean_shortcode_after_top_bar":"","ocean_shortcode_before_header":"","ocean_shortcode_after_header":"","ocean_has_shortcode":"","ocean_shortcode_after_title":"","ocean_shortcode_before_footer_widgets":"","ocean_shortcode_after_footer_widgets":"","ocean_shortcode_before_footer_bottom":"","ocean_shortcode_after_footer_bottom":"","ocean_display_top_bar":"default","ocean_display_header":"default","ocean_header_style":"","ocean_center_header_left_menu":"0","ocean_custom_header_template":"0","ocean_custom_logo":0,"ocean_custom_retina_logo":0,"ocean_custom_logo_max_width":0,"ocean_custom_logo_tablet_max_width":0,"ocean_custom_logo_mobile_max_width":0,"ocean_custom_logo_max_height":0,"ocean_custom_logo_tablet_max_height":0,"ocean_custom_logo_mobile_max_height":0,"ocean_header_custom_menu":"0","ocean_menu_typo_font_family":"0","ocean_menu_typo_font_subset":"","ocean_menu_typo_font_size":0,"ocean_menu_typo_font_size_tablet":0,"ocean_menu_typo_font_size_mobile":0,"ocean_menu_typo_font_size_unit":"px","ocean_menu_typo_font_weight":"","ocean_menu_typo_font_weight_tablet":"","ocean_menu_typo_font_weight_mobile":"","ocean_menu_typo_transform":"","ocean_menu_typo_transform_tablet":"","ocean_menu_typo_transform_mobile":"","ocean_menu_typo_line_height":0,"ocean_menu_typo_line_height_tablet":0,"ocean_menu_typo_line_height_mobile":0,"ocean_menu_typo_line_height_unit":"","ocean_menu_typo_spacing":0,"ocean_menu_typo_spacing_tablet":0,"ocean_menu_typo_spacing_mobile":0,"ocean_menu_typo_spacing_unit":"","ocean_menu_link_color":"","ocean_menu_link_color_hover":"","ocean_menu_link_color_active":"","ocean_menu_link_background":"","ocean_menu_link_hover_background":"","ocean_menu_link_active_background":"","ocean_menu_social_links_bg":"","ocean_menu_social_hover_links_bg":"","ocean_menu_social_links_color":"","ocean_menu_social_hover_links_color":"","ocean_disable_title":"default","ocean_disable_heading":"default","ocean_post_title":"","ocean_post_subheading":"","ocean_post_title_style":"","ocean_post_title_background_color":"","ocean_post_title_background":0,"ocean_post_title_bg_image_position":"","ocean_post_title_bg_image_attachment":"","ocean_post_title_bg_image_repeat":"","ocean_post_title_bg_image_size":"","ocean_post_title_height":0,"ocean_post_title_bg_overlay":0.5,"ocean_post_title_bg_overlay_color":"","ocean_disable_breadcrumbs":"default","ocean_breadcrumbs_color":"","ocean_breadcrumbs_separator_color":"","ocean_breadcrumbs_links_color":"","ocean_breadcrumbs_links_hover_color":"","ocean_display_footer_widgets":"default","ocean_display_footer_bottom":"default","ocean_custom_footer_template":"0","footnotes":""},"class_list":["post-23707","page","type-page","status-publish","hentry","entry"],"featured_image_src":null,"yoast_head":"<!-- This site is optimized with the Yoast SEO plugin v24.2 - https:\/\/yoast.com\/wordpress\/plugins\/seo\/ -->\n<title>Regati purjetamise koolitus - International Yacht School. Yachting in Estonia.<\/title>\n<meta name=\"robots\" content=\"index, follow, max-snippet:-1, max-image-preview:large, max-video-preview:-1\" \/>\n<link rel=\"canonical\" href=\"https:\/\/old.yacht-challenge.com\/et\/purjetamine-sportlik\/\" \/>\n<meta property=\"og:locale\" content=\"et_EE\" \/>\n<meta property=\"og:type\" content=\"article\" \/>\n<meta property=\"og:title\" content=\"Regati purjetamise koolitus - International Yacht School. Yachting in Estonia.\" \/>\n<meta property=\"og:description\" content=\"Regati purjetamise koolitus &#8211; V\u00d5IDUS\u00d5IDUS\u00d5IDUKOOL Kutsume Teid P\u00e4rnu jahtklubisse liituma v\u00f5istlusgrupiga, et lihvida oma purjetamisoskusi, \u00f5ppida spinnakeri v\u00f5i gennakeri kasutamist ning tutvuda regatipurjetamisega. &#8211; Sinu asukoht paadis, kallutamine &#8211; Meeskonna juhtimine &#8211; Mereelektroonika kasutamine Hind: \u20ac225\/inimene (3 x 3 tundi), Jahis lisaks kaptenile 4-6 inimest Kas teil on k\u00fcsimusi v\u00f5i olete valmis sellel kursusel osalema? [&hellip;]\" \/>\n<meta property=\"og:url\" content=\"https:\/\/old.yacht-challenge.com\/et\/purjetamine-sportlik\/\" \/>\n<meta property=\"og:site_name\" content=\"International Yacht School. Yachting in Estonia.\" \/>\n<meta property=\"article:modified_time\" content=\"2025-01-13T17:53:11+00:00\" \/>\n<meta property=\"og:image\" content=\"https:\/\/yacht-challenge.com\/wp-content\/uploads\/2021\/12\/bareboat_page_02m.jpg\" \/>\n<meta name=\"twitter:card\" content=\"summary_large_image\" \/>\n<meta name=\"twitter:label1\" content=\"Est. reading time\" \/>\n\t<meta name=\"twitter:data1\" content=\"1 minut\" \/>\n<script type=\"application\/ld+json\" class=\"yoast-schema-graph\">{\"@context\":\"https:\/\/schema.org\",\"@graph\":[{\"@type\":\"WebPage\",\"@id\":\"https:\/\/old.yacht-challenge.com\/et\/purjetamine-sportlik\/\",\"url\":\"https:\/\/old.yacht-challenge.com\/et\/purjetamine-sportlik\/\",\"name\":\"Regati purjetamise koolitus - International Yacht School. Yachting in Estonia.\",\"isPartOf\":{\"@id\":\"https:\/\/old.yacht-challenge.com\/et\/#website\"},\"primaryImageOfPage\":{\"@id\":\"https:\/\/old.yacht-challenge.com\/et\/purjetamine-sportlik\/#primaryimage\"},\"image\":{\"@id\":\"https:\/\/old.yacht-challenge.com\/et\/purjetamine-sportlik\/#primaryimage\"},\"thumbnailUrl\":\"https:\/\/yacht-challenge.com\/wp-content\/uploads\/2021\/12\/bareboat_page_02m.jpg\",\"datePublished\":\"2021-11-23T16:15:01+00:00\",\"dateModified\":\"2025-01-13T17:53:11+00:00\",\"breadcrumb\":{\"@id\":\"https:\/\/old.yacht-challenge.com\/et\/purjetamine-sportlik\/#breadcrumb\"},\"inLanguage\":\"et\",\"potentialAction\":[{\"@type\":\"ReadAction\",\"target\":[\"https:\/\/old.yacht-challenge.com\/et\/purjetamine-sportlik\/\"]}]},{\"@type\":\"ImageObject\",\"inLanguage\":\"et\",\"@id\":\"https:\/\/old.yacht-challenge.com\/et\/purjetamine-sportlik\/#primaryimage\",\"url\":\"https:\/\/yacht-challenge.com\/wp-content\/uploads\/2021\/12\/bareboat_page_02m.jpg\",\"contentUrl\":\"https:\/\/yacht-challenge.com\/wp-content\/uploads\/2021\/12\/bareboat_page_02m.jpg\"},{\"@type\":\"BreadcrumbList\",\"@id\":\"https:\/\/old.yacht-challenge.com\/et\/purjetamine-sportlik\/#breadcrumb\",\"itemListElement\":[{\"@type\":\"ListItem\",\"position\":1,\"name\":\"Home\",\"item\":\"https:\/\/old.yacht-challenge.com\/et\/\"},{\"@type\":\"ListItem\",\"position\":2,\"name\":\"Regati purjetamise koolitus\"}]},{\"@type\":\"WebSite\",\"@id\":\"https:\/\/old.yacht-challenge.com\/et\/#website\",\"url\":\"https:\/\/old.yacht-challenge.com\/et\/\",\"name\":\"International Yacht School. Yachting in Estonia.\",\"description\":\"Great yachting all over the world. IYT certification. P\u00e4rnu Events. over 20 years of experience.\",\"publisher\":{\"@id\":\"https:\/\/old.yacht-challenge.com\/et\/#organization\"},\"potentialAction\":[{\"@type\":\"SearchAction\",\"target\":{\"@type\":\"EntryPoint\",\"urlTemplate\":\"https:\/\/old.yacht-challenge.com\/et\/?s={search_term_string}\"},\"query-input\":{\"@type\":\"PropertyValueSpecification\",\"valueRequired\":true,\"valueName\":\"search_term_string\"}}],\"inLanguage\":\"et\"},{\"@type\":\"Organization\",\"@id\":\"https:\/\/old.yacht-challenge.com\/et\/#organization\",\"name\":\"Yacht-challenge\",\"alternateName\":\"Yacht challenge O\u00dc\",\"url\":\"https:\/\/old.yacht-challenge.com\/et\/\",\"logo\":{\"@type\":\"ImageObject\",\"inLanguage\":\"et\",\"@id\":\"https:\/\/old.yacht-challenge.com\/et\/#\/schema\/logo\/image\/\",\"url\":\"https:\/\/old.yacht-challenge.com\/wp-content\/uploads\/2020\/02\/yacht-logo-iyt-icc-site.png\",\"contentUrl\":\"https:\/\/old.yacht-challenge.com\/wp-content\/uploads\/2020\/02\/yacht-logo-iyt-icc-site.png\",\"width\":350,\"height\":238,\"caption\":\"Yacht-challenge\"},\"image\":{\"@id\":\"https:\/\/old.yacht-challenge.com\/et\/#\/schema\/logo\/image\/\"}}]}<\/script>\n<!-- \/ Yoast SEO plugin. -->","yoast_head_json":{"title":"Regati purjetamise koolitus - International Yacht School. Yachting in Estonia.","robots":{"index":"index","follow":"follow","max-snippet":"max-snippet:-1","max-image-preview":"max-image-preview:large","max-video-preview":"max-video-preview:-1"},"canonical":"https:\/\/old.yacht-challenge.com\/et\/purjetamine-sportlik\/","og_locale":"et_EE","og_type":"article","og_title":"Regati purjetamise koolitus - International Yacht School. Yachting in Estonia.","og_description":"Regati purjetamise koolitus &#8211; V\u00d5IDUS\u00d5IDUS\u00d5IDUKOOL Kutsume Teid P\u00e4rnu jahtklubisse liituma v\u00f5istlusgrupiga, et lihvida oma purjetamisoskusi, \u00f5ppida spinnakeri v\u00f5i gennakeri kasutamist ning tutvuda regatipurjetamisega. &#8211; Sinu asukoht paadis, kallutamine &#8211; Meeskonna juhtimine &#8211; Mereelektroonika kasutamine Hind: \u20ac225\/inimene (3 x 3 tundi), Jahis lisaks kaptenile 4-6 inimest Kas teil on k\u00fcsimusi v\u00f5i olete valmis sellel kursusel osalema? [&hellip;]","og_url":"https:\/\/old.yacht-challenge.com\/et\/purjetamine-sportlik\/","og_site_name":"International Yacht School. Yachting in Estonia.","article_modified_time":"2025-01-13T17:53:11+00:00","og_image":[{"url":"https:\/\/yacht-challenge.com\/wp-content\/uploads\/2021\/12\/bareboat_page_02m.jpg","type":"","width":"","height":""}],"twitter_card":"summary_large_image","twitter_misc":{"Est. reading time":"1 minut"},"schema":{"@context":"https:\/\/schema.org","@graph":[{"@type":"WebPage","@id":"https:\/\/old.yacht-challenge.com\/et\/purjetamine-sportlik\/","url":"https:\/\/old.yacht-challenge.com\/et\/purjetamine-sportlik\/","name":"Regati purjetamise koolitus - International Yacht School. Yachting in Estonia.","isPartOf":{"@id":"https:\/\/old.yacht-challenge.com\/et\/#website"},"primaryImageOfPage":{"@id":"https:\/\/old.yacht-challenge.com\/et\/purjetamine-sportlik\/#primaryimage"},"image":{"@id":"https:\/\/old.yacht-challenge.com\/et\/purjetamine-sportlik\/#primaryimage"},"thumbnailUrl":"https:\/\/yacht-challenge.com\/wp-content\/uploads\/2021\/12\/bareboat_page_02m.jpg","datePublished":"2021-11-23T16:15:01+00:00","dateModified":"2025-01-13T17:53:11+00:00","breadcrumb":{"@id":"https:\/\/old.yacht-challenge.com\/et\/purjetamine-sportlik\/#breadcrumb"},"inLanguage":"et","potentialAction":[{"@type":"ReadAction","target":["https:\/\/old.yacht-challenge.com\/et\/purjetamine-sportlik\/"]}]},{"@type":"ImageObject","inLanguage":"et","@id":"https:\/\/old.yacht-challenge.com\/et\/purjetamine-sportlik\/#primaryimage","url":"https:\/\/yacht-challenge.com\/wp-content\/uploads\/2021\/12\/bareboat_page_02m.jpg","contentUrl":"https:\/\/yacht-challenge.com\/wp-content\/uploads\/2021\/12\/bareboat_page_02m.jpg"},{"@type":"BreadcrumbList","@id":"https:\/\/old.yacht-challenge.com\/et\/purjetamine-sportlik\/#breadcrumb","itemListElement":[{"@type":"ListItem","position":1,"name":"Home","item":"https:\/\/old.yacht-challenge.com\/et\/"},{"@type":"ListItem","position":2,"name":"Regati purjetamise koolitus"}]},{"@type":"WebSite","@id":"https:\/\/old.yacht-challenge.com\/et\/#website","url":"https:\/\/old.yacht-challenge.com\/et\/","name":"International Yacht School. Yachting in Estonia.","description":"Great yachting all over the world. IYT certification. P\u00e4rnu Events. over 20 years of experience.","publisher":{"@id":"https:\/\/old.yacht-challenge.com\/et\/#organization"},"potentialAction":[{"@type":"SearchAction","target":{"@type":"EntryPoint","urlTemplate":"https:\/\/old.yacht-challenge.com\/et\/?s={search_term_string}"},"query-input":{"@type":"PropertyValueSpecification","valueRequired":true,"valueName":"search_term_string"}}],"inLanguage":"et"},{"@type":"Organization","@id":"https:\/\/old.yacht-challenge.com\/et\/#organization","name":"Yacht-challenge","alternateName":"Yacht challenge O\u00dc","url":"https:\/\/old.yacht-challenge.com\/et\/","logo":{"@type":"ImageObject","inLanguage":"et","@id":"https:\/\/old.yacht-challenge.com\/et\/#\/schema\/logo\/image\/","url":"https:\/\/old.yacht-challenge.com\/wp-content\/uploads\/2020\/02\/yacht-logo-iyt-icc-site.png","contentUrl":"https:\/\/old.yacht-challenge.com\/wp-content\/uploads\/2020\/02\/yacht-logo-iyt-icc-site.png","width":350,"height":238,"caption":"Yacht-challenge"},"image":{"@id":"https:\/\/old.yacht-challenge.com\/et\/#\/schema\/logo\/image\/"}}]}},"_links":{"self":[{"href":"https:\/\/old.yacht-challenge.com\/et\/wp-json\/wp\/v2\/pages\/23707","targetHints":{"allow":["GET"]}}],"collection":[{"href":"https:\/\/old.yacht-challenge.com\/et\/wp-json\/wp\/v2\/pages"}],"about":[{"href":"https:\/\/old.yacht-challenge.com\/et\/wp-json\/wp\/v2\/types\/page"}],"author":[{"embeddable":true,"href":"https:\/\/old.yacht-challenge.com\/et\/wp-json\/wp\/v2\/users\/1"}],"replies":[{"embeddable":true,"href":"https:\/\/old.yacht-challenge.com\/et\/wp-json\/wp\/v2\/comments?post=23707"}],"version-history":[{"count":19,"href":"https:\/\/old.yacht-challenge.com\/et\/wp-json\/wp\/v2\/pages\/23707\/revisions"}],"predecessor-version":[{"id":36833,"href":"https:\/\/old.yacht-challenge.com\/et\/wp-json\/wp\/v2\/pages\/23707\/revisions\/36833"}],"wp:attachment":[{"href":"https:\/\/old.yacht-challenge.com\/et\/wp-json\/wp\/v2\/media?parent=23707"}],"curies":[{"name":"wp","href":"https:\/\/api.w.org\/{rel}","templated":true}]}}